{"id":6893,"date":"2024-07-03T19:21:06","date_gmt":"2024-07-03T17:21:06","guid":{"rendered":"https:\/\/pignolsarts.org\/?page_id=6893"},"modified":"2025-08-27T18:44:27","modified_gmt":"2025-08-27T16:44:27","slug":"nos-precedentes-editions","status":"publish","type":"page","link":"https:\/\/pignolsarts.org\/index.php\/nos-precedentes-editions\/","title":{"rendered":"Nos pr\u00e9c\u00e9dentes \u00e9ditions"},"content":{"rendered":"\t\t<div data-elementor-type=\"wp-page\" data-elementor-id=\"6893\" class=\"elementor elementor-6893\">\n\t\t\t\t<div class=\"elementor-element elementor-element-5674b1c e-flex e-con-boxed e-con e-parent\" data-id=\"5674b1c\" data-element_type=\"container\" data-e-type=\"container\">\n\t\t\t\t\t<div class=\"e-con-inner\">\n\t\t\t\t<div class=\"elementor-element elementor-element-f73daa0 elementor-widget__width-initial elementor-widget elementor-widget-shortcode\" data-id=\"f73daa0\" data-element_type=\"widget\" data-e-type=\"widget\" data-widget_type=\"shortcode.default\">\n\t\t\t\t<div class=\"elementor-widget-container\">\n\t\t\t\t\t\t\t<div class=\"elementor-shortcode\">\t\t<div class=\"wpsisac-slick-carousal-wrp wpsisac-clearfix \" data-conf=\"{&quot;slidestoshow&quot;:&quot;3&quot;,&quot;slidestoscroll&quot;:1,&quot;dots&quot;:&quot;true&quot;,&quot;arrows&quot;:&quot;true&quot;,&quot;autoplay&quot;:&quot;true&quot;,&quot;autoplay_interval&quot;:&quot;5000&quot;,&quot;speed&quot;:&quot;600&quot;,&quot;rtl&quot;:&quot;false&quot;,&quot;centermode&quot;:&quot;true&quot;,&quot;lazyload&quot;:&quot;&quot;,&quot;variablewidth&quot;:&quot;false&quot;,&quot;loop&quot;:&quot;true&quot;,&quot;hover_pause&quot;:&quot;true&quot;}\">\r\t\t\t<div id=\"wpsisac-slick-carousal-1\" class=\"wpsisac-slick-init wpsisac-slick-carousal design-1 wpsisac-image-fit wpsisac-center\">\r\r\t\t\t\t<div class=\"wpsisac-image-slide\">\r\t\t\t<div class=\"wpsisac-image-slide-wrap\" style=\"\">\r\t\t\t<img decoding=\"async\"  src=\"https:\/\/pignolsarts.org\/wp-content\/uploads\/2024\/07\/2015.jpg\" alt=\"Affiche 2015\" \/>\r\t\t<\/div>\r\t<\/div><div class=\"wpsisac-image-slide\">\r\t\t\t<div class=\"wpsisac-image-slide-wrap\" style=\"\">\r\t\t\t<img decoding=\"async\"  src=\"https:\/\/pignolsarts.org\/wp-content\/uploads\/2024\/04\/2016-1.jpg\" alt=\"Affiche 2016\" \/>\r\t\t<\/div>\r\t<\/div><div class=\"wpsisac-image-slide\">\r\t\t\t<div class=\"wpsisac-image-slide-wrap\" style=\"\">\r\t\t\t<img decoding=\"async\"  src=\"https:\/\/pignolsarts.org\/wp-content\/uploads\/2017\/06\/affiche-pignolsarts-2017.jpg\" alt=\"Affiche 2017\" \/>\r\t\t<\/div>\r\t<\/div><div class=\"wpsisac-image-slide\">\r\t\t\t<div class=\"wpsisac-image-slide-wrap\" style=\"\">\r\t\t\t<img decoding=\"async\"  src=\"https:\/\/pignolsarts.org\/wp-content\/uploads\/2024\/04\/2018.jpg\" alt=\"Affiche 2018\" \/>\r\t\t<\/div>\r\t<\/div><div class=\"wpsisac-image-slide\">\r\t\t\t<div class=\"wpsisac-image-slide-wrap\" style=\"\">\r\t\t\t<img decoding=\"async\"  src=\"https:\/\/pignolsarts.org\/wp-content\/uploads\/2024\/04\/2019.jpg\" alt=\"Affiche 2019\" \/>\r\t\t<\/div>\r\t<\/div><div class=\"wpsisac-image-slide\">\r\t\t\t<div class=\"wpsisac-image-slide-wrap\" style=\"\">\r\t\t\t<img decoding=\"async\"  src=\"https:\/\/pignolsarts.org\/wp-content\/uploads\/2024\/04\/affiche-2020.jpg\" alt=\"Affiche 2020\" \/>\r\t\t<\/div>\r\t<\/div><div class=\"wpsisac-image-slide\">\r\t\t\t<div class=\"wpsisac-image-slide-wrap\" style=\"\">\r\t\t\t<img decoding=\"async\"  src=\"https:\/\/pignolsarts.org\/wp-content\/uploads\/2024\/07\/Affiche_PignolsArts_2021.jpg\" alt=\"Affiche 2021\" \/>\r\t\t<\/div>\r\t<\/div><div class=\"wpsisac-image-slide\">\r\t\t\t<div class=\"wpsisac-image-slide-wrap\" style=\"\">\r\t\t\t<img decoding=\"async\"  src=\"https:\/\/pignolsarts.org\/wp-content\/uploads\/2024\/07\/Affiche_PignolsArts_2022.jpg\" alt=\"Affiche 2022\" \/>\r\t\t<\/div>\r\t<\/div><div class=\"wpsisac-image-slide\">\r\t\t\t<div class=\"wpsisac-image-slide-wrap\" style=\"\">\r\t\t\t<img decoding=\"async\"  src=\"https:\/\/pignolsarts.org\/wp-content\/uploads\/2024\/04\/2023-e1720540599473.jpg\" alt=\"Affiche 2023\" \/>\r\t\t<\/div>\r\t<\/div><div class=\"wpsisac-image-slide\">\r\t\t\t<div class=\"wpsisac-image-slide-wrap\" style=\"\">\r\t\t\t<img decoding=\"async\"  src=\"https:\/\/pignolsarts.org\/wp-content\/uploads\/2024\/07\/Affiche_2024-scaled.jpg\" alt=\"Affiche 2024\" \/>\r\t\t<\/div>\r\t<\/div>\r\t\t\t<\/div>\r\t\t<\/div>\r\t<\/div>\n\t\t\t\t\t\t<\/div>\n\t\t\t\t<\/div>\n\t\t\t\t\t<\/div>\n\t\t\t\t<\/div>\n\t\t\t\t<\/div>\n\t\t","protected":false},"excerpt":{"rendered":"","protected":false},"author":1,"featured_media":0,"parent":0,"menu_order":0,"comment_status":"closed","ping_status":"closed","template":"","meta":{"ocean_post_layout":"","ocean_both_sidebars_style":"","ocean_both_sidebars_content_width":0,"ocean_both_sidebars_sidebars_width":0,"ocean_sidebar":"","ocean_second_sidebar":"","ocean_disable_margins":"enable","ocean_add_body_class":"","ocean_shortcode_before_top_bar":"","ocean_shortcode_after_top_bar":"","ocean_shortcode_before_header":"","ocean_shortcode_after_header":"","ocean_has_shortcode":"","ocean_shortcode_after_title":"","ocean_shortcode_before_footer_widgets":"","ocean_shortcode_after_footer_widgets":"","ocean_shortcode_before_footer_bottom":"","ocean_shortcode_after_footer_bottom":"","ocean_display_top_bar":"default","ocean_display_header":"default","ocean_header_style":"","ocean_center_header_left_menu":"","ocean_custom_header_template":"","ocean_custom_logo":0,"ocean_custom_retina_logo":0,"ocean_custom_logo_max_width":0,"ocean_custom_logo_tablet_max_width":0,"ocean_custom_logo_mobile_max_width":0,"ocean_custom_logo_max_height":0,"ocean_custom_logo_tablet_max_height":0,"ocean_custom_logo_mobile_max_height":0,"ocean_header_custom_menu":"","ocean_menu_typo_font_family":"","ocean_menu_typo_font_subset":"","ocean_menu_typo_font_size":0,"ocean_menu_typo_font_size_tablet":0,"ocean_menu_typo_font_size_mobile":0,"ocean_menu_typo_font_size_unit":"px","ocean_menu_typo_font_weight":"","ocean_menu_typo_font_weight_tablet":"","ocean_menu_typo_font_weight_mobile":"","ocean_menu_typo_transform":"","ocean_menu_typo_transform_tablet":"","ocean_menu_typo_transform_mobile":"","ocean_menu_typo_line_height":0,"ocean_menu_typo_line_height_tablet":0,"ocean_menu_typo_line_height_mobile":0,"ocean_menu_typo_line_height_unit":"","ocean_menu_typo_spacing":0,"ocean_menu_typo_spacing_tablet":0,"ocean_menu_typo_spacing_mobile":0,"ocean_menu_typo_spacing_unit":"","ocean_menu_link_color":"","ocean_menu_link_color_hover":"","ocean_menu_link_color_active":"","ocean_menu_link_background":"","ocean_menu_link_hover_background":"","ocean_menu_link_active_background":"","ocean_menu_social_links_bg":"","ocean_menu_social_hover_links_bg":"","ocean_menu_social_links_color":"","ocean_menu_social_hover_links_color":"","ocean_disable_title":"default","ocean_disable_heading":"default","ocean_post_title":"","ocean_post_subheading":"","ocean_post_title_style":"","ocean_post_title_background_color":"","ocean_post_title_background":0,"ocean_post_title_bg_image_position":"","ocean_post_title_bg_image_attachment":"","ocean_post_title_bg_image_repeat":"","ocean_post_title_bg_image_size":"","ocean_post_title_height":0,"ocean_post_title_bg_overlay":0.5,"ocean_post_title_bg_overlay_color":"","ocean_disable_breadcrumbs":"default","ocean_breadcrumbs_color":"","ocean_breadcrumbs_separator_color":"","ocean_breadcrumbs_links_color":"","ocean_breadcrumbs_links_hover_color":"","ocean_display_footer_widgets":"default","ocean_display_footer_bottom":"default","ocean_custom_footer_template":"","footnotes":""},"class_list":["post-6893","page","type-page","status-publish","hentry","entry","has-media"],"yoast_head":"<!-- This site is optimized with the Yoast SEO plugin v27.1.1 - https:\/\/yoast.com\/product\/yoast-seo-wordpress\/ -->\n<title>Nos pr\u00e9c\u00e9dentes \u00e9ditions - Pignols&#039;Arts<\/title>\n<meta name=\"robots\" content=\"index, follow, max-snippet:-1, max-image-preview:large, max-video-preview:-1\" \/>\n<link rel=\"canonical\" href=\"https:\/\/pignolsarts.org\/index.php\/nos-precedentes-editions\/\" \/>\n<meta property=\"og:locale\" content=\"fr_FR\" \/>\n<meta property=\"og:type\" content=\"article\" \/>\n<meta property=\"og:title\" content=\"Nos pr\u00e9c\u00e9dentes \u00e9ditions - Pignols&#039;Arts\" \/>\n<meta property=\"og:url\" content=\"https:\/\/pignolsarts.org\/index.php\/nos-precedentes-editions\/\" \/>\n<meta property=\"og:site_name\" content=\"Pignols&#039;Arts\" \/>\n<meta property=\"article:publisher\" content=\"https:\/\/www.facebook.com\/profile.php?id=100057566585222\" \/>\n<meta property=\"article:modified_time\" content=\"2025-08-27T16:44:27+00:00\" \/>\n<meta name=\"twitter:card\" content=\"summary_large_image\" \/>\n<script type=\"application\/ld+json\" class=\"yoast-schema-graph\">{\"@context\":\"https:\/\/schema.org\",\"@graph\":[{\"@type\":\"WebPage\",\"@id\":\"https:\/\/pignolsarts.org\/index.php\/nos-precedentes-editions\/\",\"url\":\"https:\/\/pignolsarts.org\/index.php\/nos-precedentes-editions\/\",\"name\":\"Nos pr\u00e9c\u00e9dentes \u00e9ditions - Pignols&#039;Arts\",\"isPartOf\":{\"@id\":\"https:\/\/pignolsarts.org\/#website\"},\"datePublished\":\"2024-07-03T17:21:06+00:00\",\"dateModified\":\"2025-08-27T16:44:27+00:00\",\"breadcrumb\":{\"@id\":\"https:\/\/pignolsarts.org\/index.php\/nos-precedentes-editions\/#breadcrumb\"},\"inLanguage\":\"fr-FR\",\"potentialAction\":[{\"@type\":\"ReadAction\",\"target\":[\"https:\/\/pignolsarts.org\/index.php\/nos-precedentes-editions\/\"]}]},{\"@type\":\"BreadcrumbList\",\"@id\":\"https:\/\/pignolsarts.org\/index.php\/nos-precedentes-editions\/#breadcrumb\",\"itemListElement\":[{\"@type\":\"ListItem\",\"position\":1,\"name\":\"Accueil\",\"item\":\"https:\/\/pignolsarts.org\/\"},{\"@type\":\"ListItem\",\"position\":2,\"name\":\"Nos pr\u00e9c\u00e9dentes \u00e9ditions\"}]},{\"@type\":\"WebSite\",\"@id\":\"https:\/\/pignolsarts.org\/#website\",\"url\":\"https:\/\/pignolsarts.org\/\",\"name\":\"Pignols'Arts\",\"description\":\"Balade artistique\",\"potentialAction\":[{\"@type\":\"SearchAction\",\"target\":{\"@type\":\"EntryPoint\",\"urlTemplate\":\"https:\/\/pignolsarts.org\/?s={search_term_string}\"},\"query-input\":{\"@type\":\"PropertyValueSpecification\",\"valueRequired\":true,\"valueName\":\"search_term_string\"}}],\"inLanguage\":\"fr-FR\"}]}<\/script>\n<!-- \/ Yoast SEO plugin. -->","yoast_head_json":{"title":"Nos pr\u00e9c\u00e9dentes \u00e9ditions - Pignols&#039;Arts","robots":{"index":"index","follow":"follow","max-snippet":"max-snippet:-1","max-image-preview":"max-image-preview:large","max-video-preview":"max-video-preview:-1"},"canonical":"https:\/\/pignolsarts.org\/index.php\/nos-precedentes-editions\/","og_locale":"fr_FR","og_type":"article","og_title":"Nos pr\u00e9c\u00e9dentes \u00e9ditions - Pignols&#039;Arts","og_url":"https:\/\/pignolsarts.org\/index.php\/nos-precedentes-editions\/","og_site_name":"Pignols&#039;Arts","article_publisher":"https:\/\/www.facebook.com\/profile.php?id=100057566585222","article_modified_time":"2025-08-27T16:44:27+00:00","twitter_card":"summary_large_image","schema":{"@context":"https:\/\/schema.org","@graph":[{"@type":"WebPage","@id":"https:\/\/pignolsarts.org\/index.php\/nos-precedentes-editions\/","url":"https:\/\/pignolsarts.org\/index.php\/nos-precedentes-editions\/","name":"Nos pr\u00e9c\u00e9dentes \u00e9ditions - Pignols&#039;Arts","isPartOf":{"@id":"https:\/\/pignolsarts.org\/#website"},"datePublished":"2024-07-03T17:21:06+00:00","dateModified":"2025-08-27T16:44:27+00:00","breadcrumb":{"@id":"https:\/\/pignolsarts.org\/index.php\/nos-precedentes-editions\/#breadcrumb"},"inLanguage":"fr-FR","potentialAction":[{"@type":"ReadAction","target":["https:\/\/pignolsarts.org\/index.php\/nos-precedentes-editions\/"]}]},{"@type":"BreadcrumbList","@id":"https:\/\/pignolsarts.org\/index.php\/nos-precedentes-editions\/#breadcrumb","itemListElement":[{"@type":"ListItem","position":1,"name":"Accueil","item":"https:\/\/pignolsarts.org\/"},{"@type":"ListItem","position":2,"name":"Nos pr\u00e9c\u00e9dentes \u00e9ditions"}]},{"@type":"WebSite","@id":"https:\/\/pignolsarts.org\/#website","url":"https:\/\/pignolsarts.org\/","name":"Pignols'Arts","description":"Balade artistique","potentialAction":[{"@type":"SearchAction","target":{"@type":"EntryPoint","urlTemplate":"https:\/\/pignolsarts.org\/?s={search_term_string}"},"query-input":{"@type":"PropertyValueSpecification","valueRequired":true,"valueName":"search_term_string"}}],"inLanguage":"fr-FR"}]}},"_links":{"self":[{"href":"https:\/\/pignolsarts.org\/index.php\/wp-json\/wp\/v2\/pages\/6893","targetHints":{"allow":["GET"]}}],"collection":[{"href":"https:\/\/pignolsarts.org\/index.php\/wp-json\/wp\/v2\/pages"}],"about":[{"href":"https:\/\/pignolsarts.org\/index.php\/wp-json\/wp\/v2\/types\/page"}],"author":[{"embeddable":true,"href":"https:\/\/pignolsarts.org\/index.php\/wp-json\/wp\/v2\/users\/1"}],"replies":[{"embeddable":true,"href":"https:\/\/pignolsarts.org\/index.php\/wp-json\/wp\/v2\/comments?post=6893"}],"version-history":[{"count":12,"href":"https:\/\/pignolsarts.org\/index.php\/wp-json\/wp\/v2\/pages\/6893\/revisions"}],"predecessor-version":[{"id":9137,"href":"https:\/\/pignolsarts.org\/index.php\/wp-json\/wp\/v2\/pages\/6893\/revisions\/9137"}],"wp:attachment":[{"href":"https:\/\/pignolsarts.org\/index.php\/wp-json\/wp\/v2\/media?parent=6893"}],"curies":[{"name":"wp","href":"https:\/\/api.w.org\/{rel}","templated":true}]}}