{"id":5845,"date":"2024-04-24T21:31:21","date_gmt":"2024-04-24T19:31:21","guid":{"rendered":"https:\/\/pignolsarts.org\/?page_id=5845"},"modified":"2024-04-24T21:41:11","modified_gmt":"2024-04-24T19:41:11","slug":"edition-2016-2","status":"publish","type":"page","link":"https:\/\/pignolsarts.org\/index.php\/edition-2016-2\/","title":{"rendered":"Edition 2016"},"content":{"rendered":"\t\t<div data-elementor-type=\"wp-page\" data-elementor-id=\"5845\" class=\"elementor elementor-5845\">\n\t\t\t\t<div class=\"elementor-element elementor-element-408ea7e e-flex e-con-boxed e-con e-parent\" data-id=\"408ea7e\" data-element_type=\"container\" data-e-type=\"container\">\n\t\t\t\t\t<div class=\"e-con-inner\">\n\t\t\t\t<div class=\"elementor-element elementor-element-60592ee elementor-widget elementor-widget-image\" data-id=\"60592ee\" data-element_type=\"widget\" data-e-type=\"widget\" data-widget_type=\"image.default\">\n\t\t\t\t<div class=\"elementor-widget-container\">\n\t\t\t\t\t\t\t\t\t\t\t\t\t\t\t<img fetchpriority=\"high\" decoding=\"async\" width=\"738\" height=\"1024\" src=\"https:\/\/pignolsarts.org\/wp-content\/uploads\/2024\/04\/2016-1-738x1024.jpg\" class=\"attachment-large size-large wp-image-5873\" alt=\"\" srcset=\"https:\/\/pignolsarts.org\/wp-content\/uploads\/2024\/04\/2016-1-738x1024.jpg 738w, https:\/\/pignolsarts.org\/wp-content\/uploads\/2024\/04\/2016-1-216x300.jpg 216w, https:\/\/pignolsarts.org\/wp-content\/uploads\/2024\/04\/2016-1-768x1066.jpg 768w, https:\/\/pignolsarts.org\/wp-content\/uploads\/2024\/04\/2016-1-1107x1536.jpg 1107w, https:\/\/pignolsarts.org\/wp-content\/uploads\/2024\/04\/2016-1-432x600.jpg 432w, https:\/\/pignolsarts.org\/wp-content\/uploads\/2024\/04\/2016-1-0x0.jpg 1476w, https:\/\/pignolsarts.org\/wp-content\/uploads\/2024\/04\/2016-1-21x30.jpg 21w, https:\/\/pignolsarts.org\/wp-content\/uploads\/2024\/04\/2016-1-360x500.jpg 360w, https:\/\/pignolsarts.org\/wp-content\/uploads\/2024\/04\/2016-1-14x20.jpg 14w, https:\/\/pignolsarts.org\/wp-content\/uploads\/2024\/04\/2016-1-500x693.jpg 500w, https:\/\/pignolsarts.org\/wp-content\/uploads\/2024\/04\/2016-1.jpg 778w\" sizes=\"(max-width: 738px) 100vw, 738px\" \/>\t\t\t\t\t\t\t\t\t\t\t\t\t\t\t<\/div>\n\t\t\t\t<\/div>\n\t\t\t\t\t<\/div>\n\t\t\t\t<\/div>\n\t\t<div class=\"elementor-element elementor-element-05d3e80 e-flex e-con-boxed e-con e-parent\" data-id=\"05d3e80\" data-element_type=\"container\" data-e-type=\"container\">\n\t\t\t\t\t<div class=\"e-con-inner\">\n\t\t\t\t<div class=\"elementor-element elementor-element-0072ad4 elementor-widget__width-inherit elementor-widget elementor-widget-image-gallery\" data-id=\"0072ad4\" data-element_type=\"widget\" data-e-type=\"widget\" data-widget_type=\"image-gallery.default\">\n\t\t\t\t<div class=\"elementor-widget-container\">\n\t\t\t\t\t\t\t<div class=\"elementor-image-gallery\">\n\t\t\t<div id='gallery-1' class='gallery galleryid-5845 gallery-columns-3 gallery-size-large'><figure class='gallery-item'>\n\t\t\t<div class='gallery-icon landscape'>\n\t\t\t\t<a data-elementor-open-lightbox=\"yes\" data-elementor-lightbox-slideshow=\"0072ad4\" data-elementor-lightbox-title=\"2016 prog 3\" data-e-action-hash=\"#elementor-action%3Aaction%3Dlightbox%26settings%3DeyJpZCI6NTg0OSwidXJsIjoiaHR0cHM6XC9cL3BpZ25vbHNhcnRzLm9yZ1wvd3AtY29udGVudFwvdXBsb2Fkc1wvMjAyNFwvMDRcLzIwMTYtcHJvZy0zLmpwZyIsInNsaWRlc2hvdyI6IjAwNzJhZDQifQ%3D%3D\" href='https:\/\/pignolsarts.org\/wp-content\/uploads\/2024\/04\/2016-prog-3.jpg'><img decoding=\"async\" width=\"1024\" height=\"768\" src=\"https:\/\/pignolsarts.org\/wp-content\/uploads\/2024\/04\/2016-prog-3-1024x768.jpg\" class=\"attachment-large size-large\" alt=\"\" srcset=\"https:\/\/pignolsarts.org\/wp-content\/uploads\/2024\/04\/2016-prog-3-1024x768.jpg 1024w, https:\/\/pignolsarts.org\/wp-content\/uploads\/2024\/04\/2016-prog-3-300x225.jpg 300w, https:\/\/pignolsarts.org\/wp-content\/uploads\/2024\/04\/2016-prog-3-768x576.jpg 768w, https:\/\/pignolsarts.org\/wp-content\/uploads\/2024\/04\/2016-prog-3.jpg 1112w, https:\/\/pignolsarts.org\/wp-content\/uploads\/2024\/04\/2016-prog-3-400x300.jpg 400w, https:\/\/pignolsarts.org\/wp-content\/uploads\/2024\/04\/2016-prog-3-40x30.jpg 40w, https:\/\/pignolsarts.org\/wp-content\/uploads\/2024\/04\/2016-prog-3-666x500.jpg 666w, https:\/\/pignolsarts.org\/wp-content\/uploads\/2024\/04\/2016-prog-3-620x465.jpg 620w, https:\/\/pignolsarts.org\/wp-content\/uploads\/2024\/04\/2016-prog-3-26x20.jpg 26w, https:\/\/pignolsarts.org\/wp-content\/uploads\/2024\/04\/2016-prog-3-500x375.jpg 500w\" sizes=\"(max-width: 1024px) 100vw, 1024px\" \/><\/a>\n\t\t\t<\/div><\/figure><figure class='gallery-item'>\n\t\t\t<div class='gallery-icon landscape'>\n\t\t\t\t<a data-elementor-open-lightbox=\"yes\" data-elementor-lightbox-slideshow=\"0072ad4\" data-elementor-lightbox-title=\"2016 prog 2\" data-e-action-hash=\"#elementor-action%3Aaction%3Dlightbox%26settings%3DeyJpZCI6NTg0OCwidXJsIjoiaHR0cHM6XC9cL3BpZ25vbHNhcnRzLm9yZ1wvd3AtY29udGVudFwvdXBsb2Fkc1wvMjAyNFwvMDRcLzIwMTYtcHJvZy0yLmpwZyIsInNsaWRlc2hvdyI6IjAwNzJhZDQifQ%3D%3D\" href='https:\/\/pignolsarts.org\/wp-content\/uploads\/2024\/04\/2016-prog-2.jpg'><img decoding=\"async\" width=\"1024\" height=\"768\" src=\"https:\/\/pignolsarts.org\/wp-content\/uploads\/2024\/04\/2016-prog-2-1024x768.jpg\" class=\"attachment-large size-large\" alt=\"\" srcset=\"https:\/\/pignolsarts.org\/wp-content\/uploads\/2024\/04\/2016-prog-2-1024x768.jpg 1024w, https:\/\/pignolsarts.org\/wp-content\/uploads\/2024\/04\/2016-prog-2-300x225.jpg 300w, https:\/\/pignolsarts.org\/wp-content\/uploads\/2024\/04\/2016-prog-2-768x576.jpg 768w, https:\/\/pignolsarts.org\/wp-content\/uploads\/2024\/04\/2016-prog-2.jpg 1112w, https:\/\/pignolsarts.org\/wp-content\/uploads\/2024\/04\/2016-prog-2-400x300.jpg 400w, https:\/\/pignolsarts.org\/wp-content\/uploads\/2024\/04\/2016-prog-2-40x30.jpg 40w, https:\/\/pignolsarts.org\/wp-content\/uploads\/2024\/04\/2016-prog-2-666x500.jpg 666w, https:\/\/pignolsarts.org\/wp-content\/uploads\/2024\/04\/2016-prog-2-620x465.jpg 620w, https:\/\/pignolsarts.org\/wp-content\/uploads\/2024\/04\/2016-prog-2-26x20.jpg 26w, https:\/\/pignolsarts.org\/wp-content\/uploads\/2024\/04\/2016-prog-2-500x375.jpg 500w\" sizes=\"(max-width: 1024px) 100vw, 1024px\" \/><\/a>\n\t\t\t<\/div><\/figure><figure class='gallery-item'>\n\t\t\t<div class='gallery-icon landscape'>\n\t\t\t\t<a data-elementor-open-lightbox=\"yes\" data-elementor-lightbox-slideshow=\"0072ad4\" data-elementor-lightbox-title=\"2016 prog 1\" data-e-action-hash=\"#elementor-action%3Aaction%3Dlightbox%26settings%3DeyJpZCI6NTg0NywidXJsIjoiaHR0cHM6XC9cL3BpZ25vbHNhcnRzLm9yZ1wvd3AtY29udGVudFwvdXBsb2Fkc1wvMjAyNFwvMDRcLzIwMTYtcHJvZy0xLmpwZyIsInNsaWRlc2hvdyI6IjAwNzJhZDQifQ%3D%3D\" href='https:\/\/pignolsarts.org\/wp-content\/uploads\/2024\/04\/2016-prog-1.jpg'><img loading=\"lazy\" decoding=\"async\" width=\"1024\" height=\"768\" src=\"https:\/\/pignolsarts.org\/wp-content\/uploads\/2024\/04\/2016-prog-1-1024x768.jpg\" class=\"attachment-large size-large\" alt=\"\" srcset=\"https:\/\/pignolsarts.org\/wp-content\/uploads\/2024\/04\/2016-prog-1-1024x768.jpg 1024w, https:\/\/pignolsarts.org\/wp-content\/uploads\/2024\/04\/2016-prog-1-300x225.jpg 300w, https:\/\/pignolsarts.org\/wp-content\/uploads\/2024\/04\/2016-prog-1-768x576.jpg 768w, https:\/\/pignolsarts.org\/wp-content\/uploads\/2024\/04\/2016-prog-1.jpg 1112w, https:\/\/pignolsarts.org\/wp-content\/uploads\/2024\/04\/2016-prog-1-400x300.jpg 400w, https:\/\/pignolsarts.org\/wp-content\/uploads\/2024\/04\/2016-prog-1-40x30.jpg 40w, https:\/\/pignolsarts.org\/wp-content\/uploads\/2024\/04\/2016-prog-1-666x500.jpg 666w, https:\/\/pignolsarts.org\/wp-content\/uploads\/2024\/04\/2016-prog-1-620x465.jpg 620w, https:\/\/pignolsarts.org\/wp-content\/uploads\/2024\/04\/2016-prog-1-26x20.jpg 26w, https:\/\/pignolsarts.org\/wp-content\/uploads\/2024\/04\/2016-prog-1-500x375.jpg 500w\" sizes=\"(max-width: 1024px) 100vw, 1024px\" \/><\/a>\n\t\t\t<\/div><\/figure>\n\t\t<\/div>\n\t\t<\/div>\n\t\t\t\t\t\t<\/div>\n\t\t\t\t<\/div>\n\t\t\t\t\t<\/div>\n\t\t\t\t<\/div>\n\t\t<div class=\"elementor-element elementor-element-49ca63f e-flex e-con-boxed e-con e-parent\" data-id=\"49ca63f\" data-element_type=\"container\" data-e-type=\"container\">\n\t\t\t\t\t<div class=\"e-con-inner\">\n\t\t\t\t<div class=\"elementor-element elementor-element-24f9097 elementor-widget elementor-widget-text-editor\" data-id=\"24f9097\" data-element_type=\"widget\" data-e-type=\"widget\" data-widget_type=\"text-editor.default\">\n\t\t\t\t<div class=\"elementor-widget-container\">\n\t\t\t\t\t\t\t\t\t<p>N&rsquo;h\u00e9sitez pas \u00e0 retrouver en photos les souvenirs des pr\u00e9c\u00e9dentes ann\u00e9es :\u00a0<\/p><div id=\"gtx-trans\" style=\"position: absolute; left: -51px; top: -17px;\"><div class=\"gtx-trans-icon\">\u00a0<\/div><\/div>\t\t\t\t\t\t\t\t<\/div>\n\t\t\t\t<\/div>\n\t\t\t\t<div class=\"elementor-element elementor-element-323c49b elementor-align-center e-transform e-transform elementor-widget elementor-widget-button\" data-id=\"323c49b\" data-element_type=\"widget\" data-e-type=\"widget\" data-settings=\"{&quot;_transform_rotateZ_effect&quot;:{&quot;unit&quot;:&quot;px&quot;,&quot;size&quot;:0,&quot;sizes&quot;:[]},&quot;_transform_scale_effect_hover&quot;:{&quot;unit&quot;:&quot;px&quot;,&quot;size&quot;:1.05,&quot;sizes&quot;:[]},&quot;_transform_rotateZ_effect_tablet&quot;:{&quot;unit&quot;:&quot;deg&quot;,&quot;size&quot;:&quot;&quot;,&quot;sizes&quot;:[]},&quot;_transform_rotateZ_effect_mobile&quot;:{&quot;unit&quot;:&quot;deg&quot;,&quot;size&quot;:&quot;&quot;,&quot;sizes&quot;:[]},&quot;_transform_scale_effect_hover_tablet&quot;:{&quot;unit&quot;:&quot;px&quot;,&quot;size&quot;:&quot;&quot;,&quot;sizes&quot;:[]},&quot;_transform_scale_effect_hover_mobile&quot;:{&quot;unit&quot;:&quot;px&quot;,&quot;size&quot;:&quot;&quot;,&quot;sizes&quot;:[]}}\" data-widget_type=\"button.default\">\n\t\t\t\t<div class=\"elementor-widget-container\">\n\t\t\t\t\t\t\t\t\t<div class=\"elementor-button-wrapper\">\n\t\t\t\t\t<a class=\"elementor-button elementor-button-link elementor-size-sm\" href=\"https:\/\/www.facebook.com\/profile.php?id=100057566585222&#038;sk=photos_albums\" target=\"_blank\">\n\t\t\t\t\t\t<span class=\"elementor-button-content-wrapper\">\n\t\t\t\t\t\t\t\t\t<span class=\"elementor-button-text\">C'est par ici !<\/span>\n\t\t\t\t\t<\/span>\n\t\t\t\t\t<\/a>\n\t\t\t\t<\/div>\n\t\t\t\t\t\t\t\t<\/div>\n\t\t\t\t<\/div>\n\t\t\t\t\t<\/div>\n\t\t\t\t<\/div>\n\t\t\t\t<\/div>\n\t\t","protected":false},"excerpt":{"rendered":"<p>N&rsquo;h\u00e9sitez pas \u00e0 retrouver en photos les souvenirs des pr\u00e9c\u00e9dentes ann\u00e9es :\u00a0 \u00a0 C&rsquo;est par ici !<\/p>\n","protected":false},"author":1,"featured_media":0,"parent":0,"menu_order":0,"comment_status":"closed","ping_status":"closed","template":"","meta":{"ocean_post_layout":"","ocean_both_sidebars_style":"","ocean_both_sidebars_content_width":0,"ocean_both_sidebars_sidebars_width":0,"ocean_sidebar":"","ocean_second_sidebar":"","ocean_disable_margins":"enable","ocean_add_body_class":"","ocean_shortcode_before_top_bar":"","ocean_shortcode_after_top_bar":"","ocean_shortcode_before_header":"","ocean_shortcode_after_header":"","ocean_has_shortcode":"","ocean_shortcode_after_title":"","ocean_shortcode_before_footer_widgets":"","ocean_shortcode_after_footer_widgets":"","ocean_shortcode_before_footer_bottom":"","ocean_shortcode_after_footer_bottom":"","ocean_display_top_bar":"default","ocean_display_header":"default","ocean_header_style":"","ocean_center_header_left_menu":"","ocean_custom_header_template":"","ocean_custom_logo":0,"ocean_custom_retina_logo":0,"ocean_custom_logo_max_width":0,"ocean_custom_logo_tablet_max_width":0,"ocean_custom_logo_mobile_max_width":0,"ocean_custom_logo_max_height":0,"ocean_custom_logo_tablet_max_height":0,"ocean_custom_logo_mobile_max_height":0,"ocean_header_custom_menu":"","ocean_menu_typo_font_family":"","ocean_menu_typo_font_subset":"","ocean_menu_typo_font_size":0,"ocean_menu_typo_font_size_tablet":0,"ocean_menu_typo_font_size_mobile":0,"ocean_menu_typo_font_size_unit":"px","ocean_menu_typo_font_weight":"","ocean_menu_typo_font_weight_tablet":"","ocean_menu_typo_font_weight_mobile":"","ocean_menu_typo_transform":"","ocean_menu_typo_transform_tablet":"","ocean_menu_typo_transform_mobile":"","ocean_menu_typo_line_height":0,"ocean_menu_typo_line_height_tablet":0,"ocean_menu_typo_line_height_mobile":0,"ocean_menu_typo_line_height_unit":"","ocean_menu_typo_spacing":0,"ocean_menu_typo_spacing_tablet":0,"ocean_menu_typo_spacing_mobile":0,"ocean_menu_typo_spacing_unit":"","ocean_menu_link_color":"","ocean_menu_link_color_hover":"","ocean_menu_link_color_active":"","ocean_menu_link_background":"","ocean_menu_link_hover_background":"","ocean_menu_link_active_background":"","ocean_menu_social_links_bg":"","ocean_menu_social_hover_links_bg":"","ocean_menu_social_links_color":"","ocean_menu_social_hover_links_color":"","ocean_disable_title":"default","ocean_disable_heading":"default","ocean_post_title":"","ocean_post_subheading":"","ocean_post_title_style":"","ocean_post_title_background_color":"","ocean_post_title_background":0,"ocean_post_title_bg_image_position":"","ocean_post_title_bg_image_attachment":"","ocean_post_title_bg_image_repeat":"","ocean_post_title_bg_image_size":"","ocean_post_title_height":0,"ocean_post_title_bg_overlay":0.5,"ocean_post_title_bg_overlay_color":"","ocean_disable_breadcrumbs":"default","ocean_breadcrumbs_color":"","ocean_breadcrumbs_separator_color":"","ocean_breadcrumbs_links_color":"","ocean_breadcrumbs_links_hover_color":"","ocean_display_footer_widgets":"default","ocean_display_footer_bottom":"default","ocean_custom_footer_template":"","footnotes":""},"class_list":["post-5845","page","type-page","status-publish","hentry","entry"],"yoast_head":"<!-- This site is optimized with the Yoast SEO plugin v27.1.1 - https:\/\/yoast.com\/product\/yoast-seo-wordpress\/ -->\n<title>Edition 2016 - Pignols&#039;Arts<\/title>\n<meta name=\"robots\" content=\"index, follow, max-snippet:-1, max-image-preview:large, max-video-preview:-1\" \/>\n<link rel=\"canonical\" href=\"https:\/\/pignolsarts.org\/index.php\/edition-2016-2\/\" \/>\n<meta property=\"og:locale\" content=\"fr_FR\" \/>\n<meta property=\"og:type\" content=\"article\" \/>\n<meta property=\"og:title\" content=\"Edition 2016 - Pignols&#039;Arts\" \/>\n<meta property=\"og:description\" content=\"N&rsquo;h\u00e9sitez pas \u00e0 retrouver en photos les souvenirs des pr\u00e9c\u00e9dentes ann\u00e9es :\u00a0 \u00a0 C&rsquo;est par ici !\" \/>\n<meta property=\"og:url\" content=\"https:\/\/pignolsarts.org\/index.php\/edition-2016-2\/\" \/>\n<meta property=\"og:site_name\" content=\"Pignols&#039;Arts\" \/>\n<meta property=\"article:publisher\" content=\"https:\/\/www.facebook.com\/profile.php?id=100057566585222\" \/>\n<meta property=\"article:modified_time\" content=\"2024-04-24T19:41:11+00:00\" \/>\n<meta property=\"og:image\" content=\"https:\/\/pignolsarts.org\/wp-content\/uploads\/2024\/04\/2016-1-738x1024.jpg\" \/>\n<meta name=\"twitter:card\" content=\"summary_large_image\" \/>\n<meta name=\"twitter:label1\" content=\"Dur\u00e9e de lecture estim\u00e9e\" \/>\n\t<meta name=\"twitter:data1\" content=\"1 minute\" \/>\n<script type=\"application\/ld+json\" class=\"yoast-schema-graph\">{\"@context\":\"https:\/\/schema.org\",\"@graph\":[{\"@type\":\"WebPage\",\"@id\":\"https:\/\/pignolsarts.org\/index.php\/edition-2016-2\/\",\"url\":\"https:\/\/pignolsarts.org\/index.php\/edition-2016-2\/\",\"name\":\"Edition 2016 - Pignols&#039;Arts\",\"isPartOf\":{\"@id\":\"https:\/\/pignolsarts.org\/#website\"},\"primaryImageOfPage\":{\"@id\":\"https:\/\/pignolsarts.org\/index.php\/edition-2016-2\/#primaryimage\"},\"image\":{\"@id\":\"https:\/\/pignolsarts.org\/index.php\/edition-2016-2\/#primaryimage\"},\"thumbnailUrl\":\"https:\/\/pignolsarts.org\/wp-content\/uploads\/2024\/04\/2016-1-738x1024.jpg\",\"datePublished\":\"2024-04-24T19:31:21+00:00\",\"dateModified\":\"2024-04-24T19:41:11+00:00\",\"breadcrumb\":{\"@id\":\"https:\/\/pignolsarts.org\/index.php\/edition-2016-2\/#breadcrumb\"},\"inLanguage\":\"fr-FR\",\"potentialAction\":[{\"@type\":\"ReadAction\",\"target\":[\"https:\/\/pignolsarts.org\/index.php\/edition-2016-2\/\"]}]},{\"@type\":\"ImageObject\",\"inLanguage\":\"fr-FR\",\"@id\":\"https:\/\/pignolsarts.org\/index.php\/edition-2016-2\/#primaryimage\",\"url\":\"https:\/\/pignolsarts.org\/wp-content\/uploads\/2024\/04\/2016-1.jpg\",\"contentUrl\":\"https:\/\/pignolsarts.org\/wp-content\/uploads\/2024\/04\/2016-1.jpg\",\"width\":778,\"height\":1080},{\"@type\":\"BreadcrumbList\",\"@id\":\"https:\/\/pignolsarts.org\/index.php\/edition-2016-2\/#breadcrumb\",\"itemListElement\":[{\"@type\":\"ListItem\",\"position\":1,\"name\":\"Accueil\",\"item\":\"https:\/\/pignolsarts.org\/\"},{\"@type\":\"ListItem\",\"position\":2,\"name\":\"Edition 2016\"}]},{\"@type\":\"WebSite\",\"@id\":\"https:\/\/pignolsarts.org\/#website\",\"url\":\"https:\/\/pignolsarts.org\/\",\"name\":\"Pignols'Arts\",\"description\":\"Balade artistique\",\"potentialAction\":[{\"@type\":\"SearchAction\",\"target\":{\"@type\":\"EntryPoint\",\"urlTemplate\":\"https:\/\/pignolsarts.org\/?s={search_term_string}\"},\"query-input\":{\"@type\":\"PropertyValueSpecification\",\"valueRequired\":true,\"valueName\":\"search_term_string\"}}],\"inLanguage\":\"fr-FR\"}]}<\/script>\n<!-- \/ Yoast SEO plugin. -->","yoast_head_json":{"title":"Edition 2016 - Pignols&#039;Arts","robots":{"index":"index","follow":"follow","max-snippet":"max-snippet:-1","max-image-preview":"max-image-preview:large","max-video-preview":"max-video-preview:-1"},"canonical":"https:\/\/pignolsarts.org\/index.php\/edition-2016-2\/","og_locale":"fr_FR","og_type":"article","og_title":"Edition 2016 - Pignols&#039;Arts","og_description":"N&rsquo;h\u00e9sitez pas \u00e0 retrouver en photos les souvenirs des pr\u00e9c\u00e9dentes ann\u00e9es :\u00a0 \u00a0 C&rsquo;est par ici !","og_url":"https:\/\/pignolsarts.org\/index.php\/edition-2016-2\/","og_site_name":"Pignols&#039;Arts","article_publisher":"https:\/\/www.facebook.com\/profile.php?id=100057566585222","article_modified_time":"2024-04-24T19:41:11+00:00","og_image":[{"url":"https:\/\/pignolsarts.org\/wp-content\/uploads\/2024\/04\/2016-1-738x1024.jpg","type":"","width":"","height":""}],"twitter_card":"summary_large_image","twitter_misc":{"Dur\u00e9e de lecture estim\u00e9e":"1 minute"},"schema":{"@context":"https:\/\/schema.org","@graph":[{"@type":"WebPage","@id":"https:\/\/pignolsarts.org\/index.php\/edition-2016-2\/","url":"https:\/\/pignolsarts.org\/index.php\/edition-2016-2\/","name":"Edition 2016 - Pignols&#039;Arts","isPartOf":{"@id":"https:\/\/pignolsarts.org\/#website"},"primaryImageOfPage":{"@id":"https:\/\/pignolsarts.org\/index.php\/edition-2016-2\/#primaryimage"},"image":{"@id":"https:\/\/pignolsarts.org\/index.php\/edition-2016-2\/#primaryimage"},"thumbnailUrl":"https:\/\/pignolsarts.org\/wp-content\/uploads\/2024\/04\/2016-1-738x1024.jpg","datePublished":"2024-04-24T19:31:21+00:00","dateModified":"2024-04-24T19:41:11+00:00","breadcrumb":{"@id":"https:\/\/pignolsarts.org\/index.php\/edition-2016-2\/#breadcrumb"},"inLanguage":"fr-FR","potentialAction":[{"@type":"ReadAction","target":["https:\/\/pignolsarts.org\/index.php\/edition-2016-2\/"]}]},{"@type":"ImageObject","inLanguage":"fr-FR","@id":"https:\/\/pignolsarts.org\/index.php\/edition-2016-2\/#primaryimage","url":"https:\/\/pignolsarts.org\/wp-content\/uploads\/2024\/04\/2016-1.jpg","contentUrl":"https:\/\/pignolsarts.org\/wp-content\/uploads\/2024\/04\/2016-1.jpg","width":778,"height":1080},{"@type":"BreadcrumbList","@id":"https:\/\/pignolsarts.org\/index.php\/edition-2016-2\/#breadcrumb","itemListElement":[{"@type":"ListItem","position":1,"name":"Accueil","item":"https:\/\/pignolsarts.org\/"},{"@type":"ListItem","position":2,"name":"Edition 2016"}]},{"@type":"WebSite","@id":"https:\/\/pignolsarts.org\/#website","url":"https:\/\/pignolsarts.org\/","name":"Pignols'Arts","description":"Balade artistique","potentialAction":[{"@type":"SearchAction","target":{"@type":"EntryPoint","urlTemplate":"https:\/\/pignolsarts.org\/?s={search_term_string}"},"query-input":{"@type":"PropertyValueSpecification","valueRequired":true,"valueName":"search_term_string"}}],"inLanguage":"fr-FR"}]}},"_links":{"self":[{"href":"https:\/\/pignolsarts.org\/index.php\/wp-json\/wp\/v2\/pages\/5845","targetHints":{"allow":["GET"]}}],"collection":[{"href":"https:\/\/pignolsarts.org\/index.php\/wp-json\/wp\/v2\/pages"}],"about":[{"href":"https:\/\/pignolsarts.org\/index.php\/wp-json\/wp\/v2\/types\/page"}],"author":[{"embeddable":true,"href":"https:\/\/pignolsarts.org\/index.php\/wp-json\/wp\/v2\/users\/1"}],"replies":[{"embeddable":true,"href":"https:\/\/pignolsarts.org\/index.php\/wp-json\/wp\/v2\/comments?post=5845"}],"version-history":[{"count":0,"href":"https:\/\/pignolsarts.org\/index.php\/wp-json\/wp\/v2\/pages\/5845\/revisions"}],"wp:attachment":[{"href":"https:\/\/pignolsarts.org\/index.php\/wp-json\/wp\/v2\/media?parent=5845"}],"curies":[{"name":"wp","href":"https:\/\/api.w.org\/{rel}","templated":true}]}}