{"id":5156,"date":"2024-04-08T21:33:42","date_gmt":"2024-04-08T19:33:42","guid":{"rendered":"https:\/\/pignolsarts.org\/?page_id=5156"},"modified":"2024-04-08T21:39:13","modified_gmt":"2024-04-08T19:39:13","slug":"infos-pratiques-2","status":"publish","type":"page","link":"https:\/\/pignolsarts.org\/index.php\/infos-pratiques-2\/","title":{"rendered":"Infos pratiques"},"content":{"rendered":"\t\t<div data-elementor-type=\"wp-page\" data-elementor-id=\"5156\" class=\"elementor elementor-5156\">\n\t\t\t\t<div class=\"elementor-element elementor-element-8ff5b36 e-con-full e-flex e-con e-parent\" data-id=\"8ff5b36\" data-element_type=\"container\" data-e-type=\"container\">\n\t\t\t\t<div class=\"elementor-element elementor-element-d7413df elementor-widget elementor-widget-text-editor\" data-id=\"d7413df\" data-element_type=\"widget\" data-e-type=\"widget\" data-widget_type=\"text-editor.default\">\n\t\t\t\t<div class=\"elementor-widget-container\">\n\t\t\t\t\t\t\t\t\t<p><\/p>\n<p style=\"font-size: 17px;\">Le festival Pignols&rsquo;Arts\u00a0 c&rsquo;est <span style=\"color: #ff6600;\">sur 2 journ\u00e9es<\/span>\u00a0 et c&rsquo;est par ici :<\/p>\n<p><\/p>\t\t\t\t\t\t\t\t<\/div>\n\t\t\t\t<\/div>\n\t\t\t\t<\/div>\n\t\t<div class=\"elementor-element elementor-element-1ba6382 e-grid e-con-boxed e-con e-parent\" data-id=\"1ba6382\" data-element_type=\"container\" data-e-type=\"container\">\n\t\t\t\t\t<div class=\"e-con-inner\">\n\t\t\t\t<div class=\"elementor-element elementor-element-638cbcb elementor-align-center elementor-widget elementor-widget-button\" data-id=\"638cbcb\" data-element_type=\"widget\" data-e-type=\"widget\" data-widget_type=\"button.default\">\n\t\t\t\t<div class=\"elementor-widget-container\">\n\t\t\t\t\t\t\t\t\t<div class=\"elementor-button-wrapper\">\n\t\t\t\t\t<a class=\"elementor-button elementor-button-link elementor-size-sm\" href=\"https:\/\/pignolsarts.org\/index.php\/infos-pratiques\/localisation-transport\/\">\n\t\t\t\t\t\t<span class=\"elementor-button-content-wrapper\">\n\t\t\t\t\t\t\t\t\t<span class=\"elementor-button-text\">Localisation<\/span>\n\t\t\t\t\t<\/span>\n\t\t\t\t\t<\/a>\n\t\t\t\t<\/div>\n\t\t\t\t\t\t\t\t<\/div>\n\t\t\t\t<\/div>\n\t\t\t\t<div class=\"elementor-element elementor-element-a725a03 elementor-align-center elementor-widget elementor-widget-button\" data-id=\"a725a03\" data-element_type=\"widget\" data-e-type=\"widget\" data-widget_type=\"button.default\">\n\t\t\t\t<div class=\"elementor-widget-container\">\n\t\t\t\t\t\t\t\t\t<div class=\"elementor-button-wrapper\">\n\t\t\t\t\t<a class=\"elementor-button elementor-button-link elementor-size-sm\" href=\"https:\/\/pignolsarts.org\/index.php\/infos-pratiques\/restauration\/\">\n\t\t\t\t\t\t<span class=\"elementor-button-content-wrapper\">\n\t\t\t\t\t\t\t\t\t<span class=\"elementor-button-text\">Restauration<\/span>\n\t\t\t\t\t<\/span>\n\t\t\t\t\t<\/a>\n\t\t\t\t<\/div>\n\t\t\t\t\t\t\t\t<\/div>\n\t\t\t\t<\/div>\n\t\t\t\t<div class=\"elementor-element elementor-element-35b7cd5 elementor-align-center elementor-widget elementor-widget-button\" data-id=\"35b7cd5\" data-element_type=\"widget\" data-e-type=\"widget\" data-widget_type=\"button.default\">\n\t\t\t\t<div class=\"elementor-widget-container\">\n\t\t\t\t\t\t\t\t\t<div class=\"elementor-button-wrapper\">\n\t\t\t\t\t<a class=\"elementor-button elementor-button-link elementor-size-sm\" href=\"https:\/\/pignolsarts.org\/index.php\/infos-pratiques\/tarifs-du-festival\/\">\n\t\t\t\t\t\t<span class=\"elementor-button-content-wrapper\">\n\t\t\t\t\t\t\t\t\t<span class=\"elementor-button-text\">Tarifs<\/span>\n\t\t\t\t\t<\/span>\n\t\t\t\t\t<\/a>\n\t\t\t\t<\/div>\n\t\t\t\t\t\t\t\t<\/div>\n\t\t\t\t<\/div>\n\t\t\t\t\t<\/div>\n\t\t\t\t<\/div>\n\t\t<div class=\"elementor-element elementor-element-3e46b51 e-flex e-con-boxed e-con e-parent\" data-id=\"3e46b51\" data-element_type=\"container\" data-e-type=\"container\">\n\t\t\t\t\t<div class=\"e-con-inner\">\n\t\t\t\t<div class=\"elementor-element elementor-element-b182093 elementor-widget elementor-widget-text-editor\" data-id=\"b182093\" data-element_type=\"widget\" data-e-type=\"widget\" data-widget_type=\"text-editor.default\">\n\t\t\t\t<div class=\"elementor-widget-container\">\n\t\t\t\t\t\t\t\t\t<p style=\"font-size: 17px;\">Pour vous garer, un parking est \u00e0 votre disposition le long de la D53 ainsi que dans un pr\u00e9 selon la m\u00e9t\u00e9o. Des panneaux vous indiqueront le chemin \u00e0 suivre mais aussi des supers b\u00e9n\u00e9voles !<\/p>\n<p><!-- \/wp:paragraph --><!-- wp:paragraph {\"style\":{\"typography\":{\"fontSize\":\"17px\"}}} --><\/p>\n<p style=\"font-size: 17px;\">Merci de suivre les indications qu&rsquo;ils vous donneront, de rouler doucement et d&rsquo;\u00eatre compr\u00e9hensif si vous devez attendre un peu pour vous garer&#8230;<\/p>\n<p><!-- \/wp:paragraph --><!-- wp:paragraph {\"style\":{\"typography\":{\"fontSize\":\"17px\"}}} --><\/p>\n<p style=\"font-size: 17px;\">Il n&rsquo;y a pas de distributeur automatique sur place, mais vous pourrez en trouver \u00e0 Vic le Compte.\u00a0<\/p>\n<p><!-- \/wp:paragraph --><!-- wp:paragraph {\"style\":{\"typography\":{\"fontSize\":\"17px\"}}} --><\/p>\n<p style=\"font-size: 17px;\">Sans oublier le plus important : <strong>les horaires !!<\/strong> Le festival ouvre donc le <span style=\"color: #ff6600;\">samedi \u00e0 10H00<\/span> et le spectacle de cl\u00f4ture aura lieu <span style=\"color: #ff6600;\">dimanche \u00e0 18h30 <\/span>\u00a0!<\/p>\n<p><!-- \/wp:paragraph --><!-- wp:paragraph {\"style\":{\"typography\":{\"fontSize\":\"17px\"}}} --><\/p>\n<p style=\"font-size: 17px;\">Le collectif fait un appel \u00e0 ceux qui pourront couvrir l\u2019\u00e9v\u00e9nement pour conserver les souvenirs de ces moments fabuleux, alors sortez vos appareils photos ! Si vous en prenez et que vous voulez qu&rsquo;on les partage vous pouvez nous les envoyer ou les poster sur vos r\u00e9seaux en nous identifiants.<\/p>\t\t\t\t\t\t\t\t<\/div>\n\t\t\t\t<\/div>\n\t\t\t\t\t<\/div>\n\t\t\t\t<\/div>\n\t\t\t\t<\/div>\n\t\t","protected":false},"excerpt":{"rendered":"<p>Retrouvez ici toutes les infos pratiques concernant le festival : restauration, horaires, localisation, parking, etc.<\/p>\n","protected":false},"author":1,"featured_media":2839,"parent":0,"menu_order":0,"comment_status":"closed","ping_status":"closed","template":"","meta":{"ocean_post_layout":"","ocean_both_sidebars_style":"","ocean_both_sidebars_content_width":0,"ocean_both_sidebars_sidebars_width":0,"ocean_sidebar":"0","ocean_second_sidebar":"0","ocean_disable_margins":"enable","ocean_add_body_class":"","ocean_shortcode_before_top_bar":"","ocean_shortcode_after_top_bar":"","ocean_shortcode_before_header":"","ocean_shortcode_after_header":"","ocean_has_shortcode":"","ocean_shortcode_after_title":"","ocean_shortcode_before_footer_widgets":"","ocean_shortcode_after_footer_widgets":"","ocean_shortcode_before_footer_bottom":"","ocean_shortcode_after_footer_bottom":"","ocean_display_top_bar":"default","ocean_display_header":"default","ocean_header_style":"","ocean_center_header_left_menu":"0","ocean_custom_header_template":"0","ocean_custom_logo":0,"ocean_custom_retina_logo":0,"ocean_custom_logo_max_width":0,"ocean_custom_logo_tablet_max_width":0,"ocean_custom_logo_mobile_max_width":0,"ocean_custom_logo_max_height":0,"ocean_custom_logo_tablet_max_height":0,"ocean_custom_logo_mobile_max_height":0,"ocean_header_custom_menu":"0","ocean_menu_typo_font_family":"0","ocean_menu_typo_font_subset":"","ocean_menu_typo_font_size":0,"ocean_menu_typo_font_size_tablet":0,"ocean_menu_typo_font_size_mobile":0,"ocean_menu_typo_font_size_unit":"px","ocean_menu_typo_font_weight":"","ocean_menu_typo_font_weight_tablet":"","ocean_menu_typo_font_weight_mobile":"","ocean_menu_typo_transform":"","ocean_menu_typo_transform_tablet":"","ocean_menu_typo_transform_mobile":"","ocean_menu_typo_line_height":0,"ocean_menu_typo_line_height_tablet":0,"ocean_menu_typo_line_height_mobile":0,"ocean_menu_typo_line_height_unit":"","ocean_menu_typo_spacing":0,"ocean_menu_typo_spacing_tablet":0,"ocean_menu_typo_spacing_mobile":0,"ocean_menu_typo_spacing_unit":"","ocean_menu_link_color":"","ocean_menu_link_color_hover":"","ocean_menu_link_color_active":"","ocean_menu_link_background":"","ocean_menu_link_hover_background":"","ocean_menu_link_active_background":"","ocean_menu_social_links_bg":"","ocean_menu_social_hover_links_bg":"","ocean_menu_social_links_color":"","ocean_menu_social_hover_links_color":"","ocean_disable_title":"default","ocean_disable_heading":"default","ocean_post_title":"","ocean_post_subheading":"","ocean_post_title_style":"","ocean_post_title_background_color":"","ocean_post_title_background":0,"ocean_post_title_bg_image_position":"","ocean_post_title_bg_image_attachment":"","ocean_post_title_bg_image_repeat":"","ocean_post_title_bg_image_size":"","ocean_post_title_height":0,"ocean_post_title_bg_overlay":0.5,"ocean_post_title_bg_overlay_color":"","ocean_disable_breadcrumbs":"default","ocean_breadcrumbs_color":"","ocean_breadcrumbs_separator_color":"","ocean_breadcrumbs_links_color":"","ocean_breadcrumbs_links_hover_color":"","ocean_display_footer_widgets":"default","ocean_display_footer_bottom":"default","ocean_custom_footer_template":"0","footnotes":""},"class_list":["post-5156","page","type-page","status-publish","has-post-thumbnail","hentry","entry","has-media"],"yoast_head":"<!-- This site is optimized with the Yoast SEO plugin v27.1.1 - https:\/\/yoast.com\/product\/yoast-seo-wordpress\/ -->\n<title>Infos pratiques - Pignols&#039;Arts<\/title>\n<meta name=\"robots\" content=\"index, follow, max-snippet:-1, max-image-preview:large, max-video-preview:-1\" \/>\n<link rel=\"canonical\" href=\"https:\/\/pignolsarts.org\/index.php\/infos-pratiques-2\/\" \/>\n<meta property=\"og:locale\" content=\"fr_FR\" \/>\n<meta property=\"og:type\" content=\"article\" \/>\n<meta property=\"og:title\" content=\"Infos pratiques - Pignols&#039;Arts\" \/>\n<meta property=\"og:description\" content=\"Retrouvez ici toutes les infos pratiques concernant le festival : restauration, horaires, localisation, parking, etc.\" \/>\n<meta property=\"og:url\" content=\"https:\/\/pignolsarts.org\/index.php\/infos-pratiques-2\/\" \/>\n<meta property=\"og:site_name\" content=\"Pignols&#039;Arts\" \/>\n<meta property=\"article:publisher\" content=\"https:\/\/www.facebook.com\/profile.php?id=100057566585222\" \/>\n<meta property=\"article:modified_time\" content=\"2024-04-08T19:39:13+00:00\" \/>\n<meta name=\"twitter:card\" content=\"summary_large_image\" \/>\n<meta name=\"twitter:label1\" content=\"Dur\u00e9e de lecture estim\u00e9e\" \/>\n\t<meta name=\"twitter:data1\" content=\"1 minute\" \/>\n<script type=\"application\/ld+json\" class=\"yoast-schema-graph\">{\"@context\":\"https:\/\/schema.org\",\"@graph\":[{\"@type\":\"WebPage\",\"@id\":\"https:\/\/pignolsarts.org\/index.php\/infos-pratiques-2\/\",\"url\":\"https:\/\/pignolsarts.org\/index.php\/infos-pratiques-2\/\",\"name\":\"Infos pratiques - Pignols&#039;Arts\",\"isPartOf\":{\"@id\":\"https:\/\/pignolsarts.org\/#website\"},\"primaryImageOfPage\":{\"@id\":\"https:\/\/pignolsarts.org\/index.php\/infos-pratiques-2\/#primaryimage\"},\"image\":{\"@id\":\"https:\/\/pignolsarts.org\/index.php\/infos-pratiques-2\/#primaryimage\"},\"thumbnailUrl\":\"\",\"datePublished\":\"2024-04-08T19:33:42+00:00\",\"dateModified\":\"2024-04-08T19:39:13+00:00\",\"breadcrumb\":{\"@id\":\"https:\/\/pignolsarts.org\/index.php\/infos-pratiques-2\/#breadcrumb\"},\"inLanguage\":\"fr-FR\",\"potentialAction\":[{\"@type\":\"ReadAction\",\"target\":[\"https:\/\/pignolsarts.org\/index.php\/infos-pratiques-2\/\"]}]},{\"@type\":\"ImageObject\",\"inLanguage\":\"fr-FR\",\"@id\":\"https:\/\/pignolsarts.org\/index.php\/infos-pratiques-2\/#primaryimage\",\"url\":\"\",\"contentUrl\":\"\"},{\"@type\":\"BreadcrumbList\",\"@id\":\"https:\/\/pignolsarts.org\/index.php\/infos-pratiques-2\/#breadcrumb\",\"itemListElement\":[{\"@type\":\"ListItem\",\"position\":1,\"name\":\"Accueil\",\"item\":\"https:\/\/pignolsarts.org\/\"},{\"@type\":\"ListItem\",\"position\":2,\"name\":\"Infos pratiques\"}]},{\"@type\":\"WebSite\",\"@id\":\"https:\/\/pignolsarts.org\/#website\",\"url\":\"https:\/\/pignolsarts.org\/\",\"name\":\"Pignols'Arts\",\"description\":\"Balade artistique\",\"potentialAction\":[{\"@type\":\"SearchAction\",\"target\":{\"@type\":\"EntryPoint\",\"urlTemplate\":\"https:\/\/pignolsarts.org\/?s={search_term_string}\"},\"query-input\":{\"@type\":\"PropertyValueSpecification\",\"valueRequired\":true,\"valueName\":\"search_term_string\"}}],\"inLanguage\":\"fr-FR\"}]}<\/script>\n<!-- \/ Yoast SEO plugin. -->","yoast_head_json":{"title":"Infos pratiques - Pignols&#039;Arts","robots":{"index":"index","follow":"follow","max-snippet":"max-snippet:-1","max-image-preview":"max-image-preview:large","max-video-preview":"max-video-preview:-1"},"canonical":"https:\/\/pignolsarts.org\/index.php\/infos-pratiques-2\/","og_locale":"fr_FR","og_type":"article","og_title":"Infos pratiques - Pignols&#039;Arts","og_description":"Retrouvez ici toutes les infos pratiques concernant le festival : restauration, horaires, localisation, parking, etc.","og_url":"https:\/\/pignolsarts.org\/index.php\/infos-pratiques-2\/","og_site_name":"Pignols&#039;Arts","article_publisher":"https:\/\/www.facebook.com\/profile.php?id=100057566585222","article_modified_time":"2024-04-08T19:39:13+00:00","twitter_card":"summary_large_image","twitter_misc":{"Dur\u00e9e de lecture estim\u00e9e":"1 minute"},"schema":{"@context":"https:\/\/schema.org","@graph":[{"@type":"WebPage","@id":"https:\/\/pignolsarts.org\/index.php\/infos-pratiques-2\/","url":"https:\/\/pignolsarts.org\/index.php\/infos-pratiques-2\/","name":"Infos pratiques - Pignols&#039;Arts","isPartOf":{"@id":"https:\/\/pignolsarts.org\/#website"},"primaryImageOfPage":{"@id":"https:\/\/pignolsarts.org\/index.php\/infos-pratiques-2\/#primaryimage"},"image":{"@id":"https:\/\/pignolsarts.org\/index.php\/infos-pratiques-2\/#primaryimage"},"thumbnailUrl":"","datePublished":"2024-04-08T19:33:42+00:00","dateModified":"2024-04-08T19:39:13+00:00","breadcrumb":{"@id":"https:\/\/pignolsarts.org\/index.php\/infos-pratiques-2\/#breadcrumb"},"inLanguage":"fr-FR","potentialAction":[{"@type":"ReadAction","target":["https:\/\/pignolsarts.org\/index.php\/infos-pratiques-2\/"]}]},{"@type":"ImageObject","inLanguage":"fr-FR","@id":"https:\/\/pignolsarts.org\/index.php\/infos-pratiques-2\/#primaryimage","url":"","contentUrl":""},{"@type":"BreadcrumbList","@id":"https:\/\/pignolsarts.org\/index.php\/infos-pratiques-2\/#breadcrumb","itemListElement":[{"@type":"ListItem","position":1,"name":"Accueil","item":"https:\/\/pignolsarts.org\/"},{"@type":"ListItem","position":2,"name":"Infos pratiques"}]},{"@type":"WebSite","@id":"https:\/\/pignolsarts.org\/#website","url":"https:\/\/pignolsarts.org\/","name":"Pignols'Arts","description":"Balade artistique","potentialAction":[{"@type":"SearchAction","target":{"@type":"EntryPoint","urlTemplate":"https:\/\/pignolsarts.org\/?s={search_term_string}"},"query-input":{"@type":"PropertyValueSpecification","valueRequired":true,"valueName":"search_term_string"}}],"inLanguage":"fr-FR"}]}},"_links":{"self":[{"href":"https:\/\/pignolsarts.org\/index.php\/wp-json\/wp\/v2\/pages\/5156","targetHints":{"allow":["GET"]}}],"collection":[{"href":"https:\/\/pignolsarts.org\/index.php\/wp-json\/wp\/v2\/pages"}],"about":[{"href":"https:\/\/pignolsarts.org\/index.php\/wp-json\/wp\/v2\/types\/page"}],"author":[{"embeddable":true,"href":"https:\/\/pignolsarts.org\/index.php\/wp-json\/wp\/v2\/users\/1"}],"replies":[{"embeddable":true,"href":"https:\/\/pignolsarts.org\/index.php\/wp-json\/wp\/v2\/comments?post=5156"}],"version-history":[{"count":0,"href":"https:\/\/pignolsarts.org\/index.php\/wp-json\/wp\/v2\/pages\/5156\/revisions"}],"wp:featuredmedia":[{"embeddable":true,"href":"https:\/\/pignolsarts.org\/index.php\/wp-json\/"}],"wp:attachment":[{"href":"https:\/\/pignolsarts.org\/index.php\/wp-json\/wp\/v2\/media?parent=5156"}],"curies":[{"name":"wp","href":"https:\/\/api.w.org\/{rel}","templated":true}]}}