{"id":3120,"date":"2022-07-22T12:14:24","date_gmt":"2022-07-22T11:14:24","guid":{"rendered":"https:\/\/pignolsarts.wordpress.com\/?page_id=3120"},"modified":"2022-07-22T12:14:24","modified_gmt":"2022-07-22T11:14:24","slug":"affiches-9","status":"publish","type":"page","link":"https:\/\/pignolsarts.org\/index.php\/affiches-9\/","title":{"rendered":"Affiches #9"},"content":{"rendered":"\n<p>Les affiches et flyers que vous allez croiser dans nos contr\u00e9es sont \u00e9galement disponibles juste en dessous si vous voulez les r\u00e9pandre de votre c\u00f4t\u00e9 sans croiser les membres du collectif ! <\/p>\n\n\n\n<div class=\"wp-block-file\"><a id=\"wp-block-file--media-59ab5354-8f05-4782-8ede-f965d4112d1c\" href=\"https:\/\/pignolsarts.files.wordpress.com\/2022\/07\/flyer-bon-format-fini-6.pdf\" target=\"_blank\" rel=\"noreferrer noopener\">flyer-2022<\/a><a href=\"https:\/\/pignolsarts.files.wordpress.com\/2022\/07\/flyer-bon-format-fini-6.pdf\" class=\"wp-block-file__button wp-element-button\" download aria-describedby=\"wp-block-file--media-59ab5354-8f05-4782-8ede-f965d4112d1c\">T\u00e9l\u00e9charger<\/a><\/div>\n\n\n\n<div class=\"wp-block-file\"><a id=\"wp-block-file--media-05f89eea-838f-4f28-b4d1-55cecd74d870\" href=\"https:\/\/pignolsarts.files.wordpress.com\/2022\/07\/affiche-2022.jpg\">affiche-2022<\/a><a href=\"https:\/\/pignolsarts.files.wordpress.com\/2022\/07\/affiche-2022.jpg\" class=\"wp-block-file__button wp-element-button\" download aria-describedby=\"wp-block-file--media-05f89eea-838f-4f28-b4d1-55cecd74d870\">T\u00e9l\u00e9charger<\/a><\/div>\n\n\n\n<p>On vous met aussi l&rsquo;affiche du TRAC de Sauxillanges qui se d\u00e9roulera du 23 au 25 Septembre !<\/p>\n\n\n\n<div class=\"wp-block-file\"><a id=\"wp-block-file--media-3f1cb560-a13b-47b0-ba4b-293561d21640\" href=\"https:\/\/pignolsarts.files.wordpress.com\/2022\/08\/affiche-trac-jpeg.jpg\">affiche-trac-jpeg<\/a><a href=\"https:\/\/pignolsarts.files.wordpress.com\/2022\/08\/affiche-trac-jpeg.jpg\" class=\"wp-block-file__button wp-element-button\" download aria-describedby=\"wp-block-file--media-3f1cb560-a13b-47b0-ba4b-293561d21640\">T\u00e9l\u00e9charger<\/a><\/div>\n","protected":false},"excerpt":{"rendered":"<p>Les affiches et flyers que vous allez croiser dans nos contr\u00e9es sont \u00e9galement disponibles juste en dessous si vous voulez les r\u00e9pandre de votre c\u00f4t\u00e9 sans croiser les membres du collectif ! On vous met aussi l&rsquo;affiche du TRAC de Sauxillanges qui se d\u00e9roulera du 23 au 25 Septembre !<\/p>\n","protected":false},"author":1,"featured_media":2269,"parent":0,"menu_order":0,"comment_status":"closed","ping_status":"closed","template":"","meta":{"ocean_post_layout":"","ocean_both_sidebars_style":"","ocean_both_sidebars_content_width":0,"ocean_both_sidebars_sidebars_width":0,"ocean_sidebar":"","ocean_second_sidebar":"","ocean_disable_margins":"enable","ocean_add_body_class":"","ocean_shortcode_before_top_bar":"","ocean_shortcode_after_top_bar":"","ocean_shortcode_before_header":"","ocean_shortcode_after_header":"","ocean_has_shortcode":"","ocean_shortcode_after_title":"","ocean_shortcode_before_footer_widgets":"","ocean_shortcode_after_footer_widgets":"","ocean_shortcode_before_footer_bottom":"","ocean_shortcode_after_footer_bottom":"","ocean_display_top_bar":"default","ocean_display_header":"default","ocean_header_style":"","ocean_center_header_left_menu":"","ocean_custom_header_template":"","ocean_custom_logo":0,"ocean_custom_retina_logo":0,"ocean_custom_logo_max_width":0,"ocean_custom_logo_tablet_max_width":0,"ocean_custom_logo_mobile_max_width":0,"ocean_custom_logo_max_height":0,"ocean_custom_logo_tablet_max_height":0,"ocean_custom_logo_mobile_max_height":0,"ocean_header_custom_menu":"","ocean_menu_typo_font_family":"","ocean_menu_typo_font_subset":"","ocean_menu_typo_font_size":0,"ocean_menu_typo_font_size_tablet":0,"ocean_menu_typo_font_size_mobile":0,"ocean_menu_typo_font_size_unit":"px","ocean_menu_typo_font_weight":"","ocean_menu_typo_font_weight_tablet":"","ocean_menu_typo_font_weight_mobile":"","ocean_menu_typo_transform":"","ocean_menu_typo_transform_tablet":"","ocean_menu_typo_transform_mobile":"","ocean_menu_typo_line_height":0,"ocean_menu_typo_line_height_tablet":0,"ocean_menu_typo_line_height_mobile":0,"ocean_menu_typo_line_height_unit":"","ocean_menu_typo_spacing":0,"ocean_menu_typo_spacing_tablet":0,"ocean_menu_typo_spacing_mobile":0,"ocean_menu_typo_spacing_unit":"","ocean_menu_link_color":"","ocean_menu_link_color_hover":"","ocean_menu_link_color_active":"","ocean_menu_link_background":"","ocean_menu_link_hover_background":"","ocean_menu_link_active_background":"","ocean_menu_social_links_bg":"","ocean_menu_social_hover_links_bg":"","ocean_menu_social_links_color":"","ocean_menu_social_hover_links_color":"","ocean_disable_title":"default","ocean_disable_heading":"default","ocean_post_title":"","ocean_post_subheading":"","ocean_post_title_style":"","ocean_post_title_background_color":"","ocean_post_title_background":0,"ocean_post_title_bg_image_position":"","ocean_post_title_bg_image_attachment":"","ocean_post_title_bg_image_repeat":"","ocean_post_title_bg_image_size":"","ocean_post_title_height":0,"ocean_post_title_bg_overlay":0.5,"ocean_post_title_bg_overlay_color":"","ocean_disable_breadcrumbs":"default","ocean_breadcrumbs_color":"","ocean_breadcrumbs_separator_color":"","ocean_breadcrumbs_links_color":"","ocean_breadcrumbs_links_hover_color":"","ocean_display_footer_widgets":"default","ocean_display_footer_bottom":"default","ocean_custom_footer_template":"","footnotes":""},"class_list":["post-3120","page","type-page","status-publish","has-post-thumbnail","hentry","entry","has-media"],"yoast_head":"<!-- This site is optimized with the Yoast SEO plugin v27.1.1 - https:\/\/yoast.com\/product\/yoast-seo-wordpress\/ -->\n<title>Affiches #9 - Pignols&#039;Arts<\/title>\n<meta name=\"robots\" content=\"index, follow, max-snippet:-1, max-image-preview:large, max-video-preview:-1\" \/>\n<link rel=\"canonical\" href=\"https:\/\/pignolsarts.org\/index.php\/affiches-9\/\" \/>\n<meta property=\"og:locale\" content=\"fr_FR\" \/>\n<meta property=\"og:type\" content=\"article\" \/>\n<meta property=\"og:title\" content=\"Affiches #9 - Pignols&#039;Arts\" \/>\n<meta property=\"og:description\" content=\"Les affiches et flyers que vous allez croiser dans nos contr\u00e9es sont \u00e9galement disponibles juste en dessous si vous voulez les r\u00e9pandre de votre c\u00f4t\u00e9 sans croiser les membres du collectif ! On vous met aussi l&rsquo;affiche du TRAC de Sauxillanges qui se d\u00e9roulera du 23 au 25 Septembre !\" \/>\n<meta property=\"og:url\" content=\"https:\/\/pignolsarts.org\/index.php\/affiches-9\/\" \/>\n<meta property=\"og:site_name\" content=\"Pignols&#039;Arts\" \/>\n<meta property=\"article:publisher\" content=\"https:\/\/www.facebook.com\/profile.php?id=100057566585222\" \/>\n<meta name=\"twitter:card\" content=\"summary_large_image\" \/>\n<script type=\"application\/ld+json\" class=\"yoast-schema-graph\">{\"@context\":\"https:\/\/schema.org\",\"@graph\":[{\"@type\":\"WebPage\",\"@id\":\"https:\/\/pignolsarts.org\/index.php\/affiches-9\/\",\"url\":\"https:\/\/pignolsarts.org\/index.php\/affiches-9\/\",\"name\":\"Affiches #9 - Pignols&#039;Arts\",\"isPartOf\":{\"@id\":\"https:\/\/pignolsarts.org\/#website\"},\"primaryImageOfPage\":{\"@id\":\"https:\/\/pignolsarts.org\/index.php\/affiches-9\/#primaryimage\"},\"image\":{\"@id\":\"https:\/\/pignolsarts.org\/index.php\/affiches-9\/#primaryimage\"},\"thumbnailUrl\":\"\",\"datePublished\":\"2022-07-22T11:14:24+00:00\",\"breadcrumb\":{\"@id\":\"https:\/\/pignolsarts.org\/index.php\/affiches-9\/#breadcrumb\"},\"inLanguage\":\"fr-FR\",\"potentialAction\":[{\"@type\":\"ReadAction\",\"target\":[\"https:\/\/pignolsarts.org\/index.php\/affiches-9\/\"]}]},{\"@type\":\"ImageObject\",\"inLanguage\":\"fr-FR\",\"@id\":\"https:\/\/pignolsarts.org\/index.php\/affiches-9\/#primaryimage\",\"url\":\"\",\"contentUrl\":\"\"},{\"@type\":\"BreadcrumbList\",\"@id\":\"https:\/\/pignolsarts.org\/index.php\/affiches-9\/#breadcrumb\",\"itemListElement\":[{\"@type\":\"ListItem\",\"position\":1,\"name\":\"Accueil\",\"item\":\"https:\/\/pignolsarts.org\/\"},{\"@type\":\"ListItem\",\"position\":2,\"name\":\"Affiches #9\"}]},{\"@type\":\"WebSite\",\"@id\":\"https:\/\/pignolsarts.org\/#website\",\"url\":\"https:\/\/pignolsarts.org\/\",\"name\":\"Pignols'Arts\",\"description\":\"Balade artistique\",\"potentialAction\":[{\"@type\":\"SearchAction\",\"target\":{\"@type\":\"EntryPoint\",\"urlTemplate\":\"https:\/\/pignolsarts.org\/?s={search_term_string}\"},\"query-input\":{\"@type\":\"PropertyValueSpecification\",\"valueRequired\":true,\"valueName\":\"search_term_string\"}}],\"inLanguage\":\"fr-FR\"}]}<\/script>\n<!-- \/ Yoast SEO plugin. -->","yoast_head_json":{"title":"Affiches #9 - Pignols&#039;Arts","robots":{"index":"index","follow":"follow","max-snippet":"max-snippet:-1","max-image-preview":"max-image-preview:large","max-video-preview":"max-video-preview:-1"},"canonical":"https:\/\/pignolsarts.org\/index.php\/affiches-9\/","og_locale":"fr_FR","og_type":"article","og_title":"Affiches #9 - Pignols&#039;Arts","og_description":"Les affiches et flyers que vous allez croiser dans nos contr\u00e9es sont \u00e9galement disponibles juste en dessous si vous voulez les r\u00e9pandre de votre c\u00f4t\u00e9 sans croiser les membres du collectif ! On vous met aussi l&rsquo;affiche du TRAC de Sauxillanges qui se d\u00e9roulera du 23 au 25 Septembre !","og_url":"https:\/\/pignolsarts.org\/index.php\/affiches-9\/","og_site_name":"Pignols&#039;Arts","article_publisher":"https:\/\/www.facebook.com\/profile.php?id=100057566585222","twitter_card":"summary_large_image","schema":{"@context":"https:\/\/schema.org","@graph":[{"@type":"WebPage","@id":"https:\/\/pignolsarts.org\/index.php\/affiches-9\/","url":"https:\/\/pignolsarts.org\/index.php\/affiches-9\/","name":"Affiches #9 - Pignols&#039;Arts","isPartOf":{"@id":"https:\/\/pignolsarts.org\/#website"},"primaryImageOfPage":{"@id":"https:\/\/pignolsarts.org\/index.php\/affiches-9\/#primaryimage"},"image":{"@id":"https:\/\/pignolsarts.org\/index.php\/affiches-9\/#primaryimage"},"thumbnailUrl":"","datePublished":"2022-07-22T11:14:24+00:00","breadcrumb":{"@id":"https:\/\/pignolsarts.org\/index.php\/affiches-9\/#breadcrumb"},"inLanguage":"fr-FR","potentialAction":[{"@type":"ReadAction","target":["https:\/\/pignolsarts.org\/index.php\/affiches-9\/"]}]},{"@type":"ImageObject","inLanguage":"fr-FR","@id":"https:\/\/pignolsarts.org\/index.php\/affiches-9\/#primaryimage","url":"","contentUrl":""},{"@type":"BreadcrumbList","@id":"https:\/\/pignolsarts.org\/index.php\/affiches-9\/#breadcrumb","itemListElement":[{"@type":"ListItem","position":1,"name":"Accueil","item":"https:\/\/pignolsarts.org\/"},{"@type":"ListItem","position":2,"name":"Affiches #9"}]},{"@type":"WebSite","@id":"https:\/\/pignolsarts.org\/#website","url":"https:\/\/pignolsarts.org\/","name":"Pignols'Arts","description":"Balade artistique","potentialAction":[{"@type":"SearchAction","target":{"@type":"EntryPoint","urlTemplate":"https:\/\/pignolsarts.org\/?s={search_term_string}"},"query-input":{"@type":"PropertyValueSpecification","valueRequired":true,"valueName":"search_term_string"}}],"inLanguage":"fr-FR"}]}},"_links":{"self":[{"href":"https:\/\/pignolsarts.org\/index.php\/wp-json\/wp\/v2\/pages\/3120","targetHints":{"allow":["GET"]}}],"collection":[{"href":"https:\/\/pignolsarts.org\/index.php\/wp-json\/wp\/v2\/pages"}],"about":[{"href":"https:\/\/pignolsarts.org\/index.php\/wp-json\/wp\/v2\/types\/page"}],"author":[{"embeddable":true,"href":"https:\/\/pignolsarts.org\/index.php\/wp-json\/wp\/v2\/users\/1"}],"replies":[{"embeddable":true,"href":"https:\/\/pignolsarts.org\/index.php\/wp-json\/wp\/v2\/comments?post=3120"}],"version-history":[{"count":0,"href":"https:\/\/pignolsarts.org\/index.php\/wp-json\/wp\/v2\/pages\/3120\/revisions"}],"wp:featuredmedia":[{"embeddable":true,"href":"https:\/\/pignolsarts.org\/index.php\/wp-json\/"}],"wp:attachment":[{"href":"https:\/\/pignolsarts.org\/index.php\/wp-json\/wp\/v2\/media?parent=3120"}],"curies":[{"name":"wp","href":"https:\/\/api.w.org\/{rel}","templated":true}]}}