{"id":231,"date":"2017-08-14T22:41:40","date_gmt":"2017-08-14T21:41:40","guid":{"rendered":"https:\/\/pignolsarts.wordpress.com\/?page_id=231"},"modified":"2024-09-18T14:45:27","modified_gmt":"2024-09-18T12:45:27","slug":"restauration","status":"publish","type":"page","link":"https:\/\/pignolsarts.org\/index.php\/infos-pratiques\/restauration\/","title":{"rendered":"Restauration"},"content":{"rendered":"\t\t<div data-elementor-type=\"wp-page\" data-elementor-id=\"231\" class=\"elementor elementor-231\">\n\t\t\t\t<div class=\"elementor-element elementor-element-ee377d4 e-flex e-con-boxed e-con e-parent\" data-id=\"ee377d4\" data-element_type=\"container\" data-e-type=\"container\">\n\t\t\t\t\t<div class=\"e-con-inner\">\n\t\t\t\t<div class=\"elementor-element elementor-element-bf8f48e elementor-widget elementor-widget-text-editor\" data-id=\"bf8f48e\" data-element_type=\"widget\" data-e-type=\"widget\" data-widget_type=\"text-editor.default\">\n\t\t\t\t<div class=\"elementor-widget-container\">\n\t\t\t\t\t\t\t\t\t<h2 class=\"wp-block-heading has-text-align-center has-large-font-size\">FOODTRUCKS<\/h2>\n<p><span style=\"font-family: Roboto, sans-serif; font-size: 17px; font-style: normal; font-variant-ligatures: normal; font-variant-caps: normal; font-weight: 400; text-align: center;\">Notre petite bourgade n&rsquo;est pas \u00e9quip\u00e9e de distributeur de billets, et les foodtrucks n&rsquo;acceptent pas les tickets de l&rsquo;\u00e9v\u00e9nement.<\/span><\/p>\t\t\t\t\t\t\t\t<\/div>\n\t\t\t\t<\/div>\n\t\t\t\t<div class=\"elementor-element elementor-element-fb3e3f2 elementor-widget elementor-widget-image\" data-id=\"fb3e3f2\" data-element_type=\"widget\" data-e-type=\"widget\" data-widget_type=\"image.default\">\n\t\t\t\t<div class=\"elementor-widget-container\">\n\t\t\t\t\t\t\t\t\t\t\t\t\t\t\t<img fetchpriority=\"high\" decoding=\"async\" width=\"526\" height=\"526\" src=\"https:\/\/pignolsarts.org\/wp-content\/uploads\/2024\/09\/foodtrucks_2024.jpg\" class=\"attachment-large size-large wp-image-8125\" alt=\"\" srcset=\"https:\/\/pignolsarts.org\/wp-content\/uploads\/2024\/09\/foodtrucks_2024.jpg 526w, https:\/\/pignolsarts.org\/wp-content\/uploads\/2024\/09\/foodtrucks_2024-300x300.jpg 300w, https:\/\/pignolsarts.org\/wp-content\/uploads\/2024\/09\/foodtrucks_2024-150x150.jpg 150w, https:\/\/pignolsarts.org\/wp-content\/uploads\/2024\/09\/foodtrucks_2024-500x500.jpg 500w\" sizes=\"(max-width: 526px) 100vw, 526px\" \/>\t\t\t\t\t\t\t\t\t\t\t\t\t\t\t<\/div>\n\t\t\t\t<\/div>\n\t\t\t\t\t<\/div>\n\t\t\t\t<\/div>\n\t\t<div class=\"elementor-element elementor-element-1bab650c e-flex e-con-boxed e-con e-parent\" data-id=\"1bab650c\" data-element_type=\"container\" data-e-type=\"container\">\n\t\t\t\t\t<div class=\"e-con-inner\">\n\t\t\t\t<div class=\"elementor-element elementor-element-ac0fad2 elementor-widget elementor-widget-text-editor\" data-id=\"ac0fad2\" data-element_type=\"widget\" data-e-type=\"widget\" data-widget_type=\"text-editor.default\">\n\t\t\t\t<div class=\"elementor-widget-container\">\n\t\t\t\t\t\t\t\t\t<p><\/p>\n<p><\/p>\n<p><\/p>\n<h2 class=\"wp-block-heading has-text-align-center has-large-font-size\">Buvette<\/h2>\n<p><\/p>\n<p><\/p>\n<p class=\"has-text-align-center\">Notre carte s&rsquo;agrandie !<\/p>\n<p><\/p>\n<p><\/p>\n<p style=\"font-size: 17px;\">Pour commencer <a href=\"https:\/\/ensourceleuse.fr\/\" data-type=\"link\" data-id=\"https:\/\/ensourceleuse.fr\/\"><strong>l&rsquo;Ensourceleuse <\/strong><\/a>nous proposera non pas deux, mais trois bi\u00e8res : Blonde, Ambr\u00e9e et une IPA l\u00e9g\u00e8re (bas\u00e9 \u00e0 Arlanc 63220, 8 place de Verdun, 06 88 17 50 44). Bien s\u00fbr, vous retrouverez leur jus de pommes \u00e0 la carte.<br \/><br \/>C\u00f4t\u00e9 pinard, c&rsquo;est <strong>Sylvain Ruat<\/strong> qui vous proposes une carte bio et naturelle. Retrouvez le dans les march\u00e9s du coin comme celui de Sauxillanges le mardi.<br \/><br \/>C\u00f4t\u00e9 soft nous avons le plaisir d&rsquo;accueillir deux nouveaux fournisseurs locaux : <br \/>&#8211; <strong>L&rsquo;Arbrabul<\/strong> avec sa limonade artisanale (bas\u00e9 \u00e0 Bellevue 43380 AUBAZAT, 06 74 78 08 70).<br \/>&#8211; <strong><a href=\"https:\/\/www.merlesmoqueurs.fr\/\" data-type=\"link\" data-id=\"https:\/\/www.merlesmoqueurs.fr\/\">Les Merles Moqueurs<\/a><\/strong>, avec leurs nombreux sirops confectionn\u00e9s de la r\u00e9colte \u00e0 la mise en bouteilles. Fraise, m\u00fbre, grenadine, framboise, cassis, groseille, fleurs de sureau, il y en a pour tous les go\u00fbts ! On vous laissent d\u00e9couvrir toutes leurs gammes de produits sur le <a href=\"https:\/\/www.merlesmoqueurs.fr\/\" data-type=\"link\" data-id=\"https:\/\/www.merlesmoqueurs.fr\/\">site internet<\/a>. (bas\u00e9 \u00e0 Sauxillanges, 63490, 07 68 58 28 00).<br \/><br \/>Nous serons donc en mesures de vous proposer des diaboloooooooo !<\/p>\n<p><\/p>\t\t\t\t\t\t\t\t<\/div>\n\t\t\t\t<\/div>\n\t\t\t\t\t<\/div>\n\t\t\t\t<\/div>\n\t\t\t\t<\/div>\n\t\t","protected":false},"excerpt":{"rendered":"<p>Une buvette est \u00e0 votre disposition durant toute la dur\u00e9e du festival !<\/p>\n","protected":false},"author":1,"featured_media":0,"parent":99,"menu_order":0,"comment_status":"closed","ping_status":"closed","template":"","meta":{"ocean_post_layout":"","ocean_both_sidebars_style":"","ocean_both_sidebars_content_width":0,"ocean_both_sidebars_sidebars_width":0,"ocean_sidebar":"0","ocean_second_sidebar":"0","ocean_disable_margins":"enable","ocean_add_body_class":"","ocean_shortcode_before_top_bar":"","ocean_shortcode_after_top_bar":"","ocean_shortcode_before_header":"","ocean_shortcode_after_header":"","ocean_has_shortcode":"","ocean_shortcode_after_title":"","ocean_shortcode_before_footer_widgets":"","ocean_shortcode_after_footer_widgets":"","ocean_shortcode_before_footer_bottom":"","ocean_shortcode_after_footer_bottom":"","ocean_display_top_bar":"default","ocean_display_header":"default","ocean_header_style":"","ocean_center_header_left_menu":"0","ocean_custom_header_template":"0","ocean_custom_logo":0,"ocean_custom_retina_logo":0,"ocean_custom_logo_max_width":0,"ocean_custom_logo_tablet_max_width":0,"ocean_custom_logo_mobile_max_width":0,"ocean_custom_logo_max_height":0,"ocean_custom_logo_tablet_max_height":0,"ocean_custom_logo_mobile_max_height":0,"ocean_header_custom_menu":"0","ocean_menu_typo_font_family":"0","ocean_menu_typo_font_subset":"","ocean_menu_typo_font_size":0,"ocean_menu_typo_font_size_tablet":0,"ocean_menu_typo_font_size_mobile":0,"ocean_menu_typo_font_size_unit":"px","ocean_menu_typo_font_weight":"","ocean_menu_typo_font_weight_tablet":"","ocean_menu_typo_font_weight_mobile":"","ocean_menu_typo_transform":"","ocean_menu_typo_transform_tablet":"","ocean_menu_typo_transform_mobile":"","ocean_menu_typo_line_height":0,"ocean_menu_typo_line_height_tablet":0,"ocean_menu_typo_line_height_mobile":0,"ocean_menu_typo_line_height_unit":"","ocean_menu_typo_spacing":0,"ocean_menu_typo_spacing_tablet":0,"ocean_menu_typo_spacing_mobile":0,"ocean_menu_typo_spacing_unit":"","ocean_menu_link_color":"","ocean_menu_link_color_hover":"","ocean_menu_link_color_active":"","ocean_menu_link_background":"","ocean_menu_link_hover_background":"","ocean_menu_link_active_background":"","ocean_menu_social_links_bg":"","ocean_menu_social_hover_links_bg":"","ocean_menu_social_links_color":"","ocean_menu_social_hover_links_color":"","ocean_disable_title":"default","ocean_disable_heading":"default","ocean_post_title":"","ocean_post_subheading":"","ocean_post_title_style":"","ocean_post_title_background_color":"","ocean_post_title_background":0,"ocean_post_title_bg_image_position":"","ocean_post_title_bg_image_attachment":"","ocean_post_title_bg_image_repeat":"","ocean_post_title_bg_image_size":"","ocean_post_title_height":0,"ocean_post_title_bg_overlay":0.5,"ocean_post_title_bg_overlay_color":"","ocean_disable_breadcrumbs":"default","ocean_breadcrumbs_color":"","ocean_breadcrumbs_separator_color":"","ocean_breadcrumbs_links_color":"","ocean_breadcrumbs_links_hover_color":"","ocean_display_footer_widgets":"default","ocean_display_footer_bottom":"default","ocean_custom_footer_template":"0","footnotes":""},"class_list":["post-231","page","type-page","status-publish","hentry","entry"],"yoast_head":"<!-- This site is optimized with the Yoast SEO plugin v27.1.1 - https:\/\/yoast.com\/product\/yoast-seo-wordpress\/ -->\n<title>Restauration - Pignols&#039;Arts<\/title>\n<meta name=\"robots\" content=\"index, follow, max-snippet:-1, max-image-preview:large, max-video-preview:-1\" \/>\n<link rel=\"canonical\" href=\"https:\/\/pignolsarts.org\/index.php\/infos-pratiques\/restauration\/\" \/>\n<meta property=\"og:locale\" content=\"fr_FR\" \/>\n<meta property=\"og:type\" content=\"article\" \/>\n<meta property=\"og:title\" content=\"Restauration - Pignols&#039;Arts\" \/>\n<meta property=\"og:description\" content=\"Une buvette est \u00e0 votre disposition durant toute la dur\u00e9e du festival !\" \/>\n<meta property=\"og:url\" content=\"https:\/\/pignolsarts.org\/index.php\/infos-pratiques\/restauration\/\" \/>\n<meta property=\"og:site_name\" content=\"Pignols&#039;Arts\" \/>\n<meta property=\"article:publisher\" content=\"https:\/\/www.facebook.com\/profile.php?id=100057566585222\" \/>\n<meta property=\"article:modified_time\" content=\"2024-09-18T12:45:27+00:00\" \/>\n<meta property=\"og:image\" content=\"https:\/\/pignolsarts.org\/wp-content\/uploads\/2024\/09\/foodtrucks_2024.jpg\" \/>\n<meta name=\"twitter:card\" content=\"summary_large_image\" \/>\n<meta name=\"twitter:label1\" content=\"Dur\u00e9e de lecture estim\u00e9e\" \/>\n\t<meta name=\"twitter:data1\" content=\"2 minutes\" \/>\n<script type=\"application\/ld+json\" class=\"yoast-schema-graph\">{\"@context\":\"https:\/\/schema.org\",\"@graph\":[{\"@type\":\"WebPage\",\"@id\":\"https:\/\/pignolsarts.org\/index.php\/infos-pratiques\/restauration\/\",\"url\":\"https:\/\/pignolsarts.org\/index.php\/infos-pratiques\/restauration\/\",\"name\":\"Restauration - Pignols&#039;Arts\",\"isPartOf\":{\"@id\":\"https:\/\/pignolsarts.org\/#website\"},\"primaryImageOfPage\":{\"@id\":\"https:\/\/pignolsarts.org\/index.php\/infos-pratiques\/restauration\/#primaryimage\"},\"image\":{\"@id\":\"https:\/\/pignolsarts.org\/index.php\/infos-pratiques\/restauration\/#primaryimage\"},\"thumbnailUrl\":\"https:\/\/pignolsarts.org\/wp-content\/uploads\/2024\/09\/foodtrucks_2024.jpg\",\"datePublished\":\"2017-08-14T21:41:40+00:00\",\"dateModified\":\"2024-09-18T12:45:27+00:00\",\"breadcrumb\":{\"@id\":\"https:\/\/pignolsarts.org\/index.php\/infos-pratiques\/restauration\/#breadcrumb\"},\"inLanguage\":\"fr-FR\",\"potentialAction\":[{\"@type\":\"ReadAction\",\"target\":[\"https:\/\/pignolsarts.org\/index.php\/infos-pratiques\/restauration\/\"]}]},{\"@type\":\"ImageObject\",\"inLanguage\":\"fr-FR\",\"@id\":\"https:\/\/pignolsarts.org\/index.php\/infos-pratiques\/restauration\/#primaryimage\",\"url\":\"https:\/\/pignolsarts.org\/wp-content\/uploads\/2024\/09\/foodtrucks_2024.jpg\",\"contentUrl\":\"https:\/\/pignolsarts.org\/wp-content\/uploads\/2024\/09\/foodtrucks_2024.jpg\",\"width\":526,\"height\":526},{\"@type\":\"BreadcrumbList\",\"@id\":\"https:\/\/pignolsarts.org\/index.php\/infos-pratiques\/restauration\/#breadcrumb\",\"itemListElement\":[{\"@type\":\"ListItem\",\"position\":1,\"name\":\"Accueil\",\"item\":\"https:\/\/pignolsarts.org\/\"},{\"@type\":\"ListItem\",\"position\":2,\"name\":\"Infos pratiques\",\"item\":\"https:\/\/pignolsarts.org\/index.php\/infos-pratiques\/\"},{\"@type\":\"ListItem\",\"position\":3,\"name\":\"Restauration\"}]},{\"@type\":\"WebSite\",\"@id\":\"https:\/\/pignolsarts.org\/#website\",\"url\":\"https:\/\/pignolsarts.org\/\",\"name\":\"Pignols'Arts\",\"description\":\"Balade artistique\",\"potentialAction\":[{\"@type\":\"SearchAction\",\"target\":{\"@type\":\"EntryPoint\",\"urlTemplate\":\"https:\/\/pignolsarts.org\/?s={search_term_string}\"},\"query-input\":{\"@type\":\"PropertyValueSpecification\",\"valueRequired\":true,\"valueName\":\"search_term_string\"}}],\"inLanguage\":\"fr-FR\"}]}<\/script>\n<!-- \/ Yoast SEO plugin. -->","yoast_head_json":{"title":"Restauration - Pignols&#039;Arts","robots":{"index":"index","follow":"follow","max-snippet":"max-snippet:-1","max-image-preview":"max-image-preview:large","max-video-preview":"max-video-preview:-1"},"canonical":"https:\/\/pignolsarts.org\/index.php\/infos-pratiques\/restauration\/","og_locale":"fr_FR","og_type":"article","og_title":"Restauration - Pignols&#039;Arts","og_description":"Une buvette est \u00e0 votre disposition durant toute la dur\u00e9e du festival !","og_url":"https:\/\/pignolsarts.org\/index.php\/infos-pratiques\/restauration\/","og_site_name":"Pignols&#039;Arts","article_publisher":"https:\/\/www.facebook.com\/profile.php?id=100057566585222","article_modified_time":"2024-09-18T12:45:27+00:00","og_image":[{"url":"https:\/\/pignolsarts.org\/wp-content\/uploads\/2024\/09\/foodtrucks_2024.jpg","type":"","width":"","height":""}],"twitter_card":"summary_large_image","twitter_misc":{"Dur\u00e9e de lecture estim\u00e9e":"2 minutes"},"schema":{"@context":"https:\/\/schema.org","@graph":[{"@type":"WebPage","@id":"https:\/\/pignolsarts.org\/index.php\/infos-pratiques\/restauration\/","url":"https:\/\/pignolsarts.org\/index.php\/infos-pratiques\/restauration\/","name":"Restauration - Pignols&#039;Arts","isPartOf":{"@id":"https:\/\/pignolsarts.org\/#website"},"primaryImageOfPage":{"@id":"https:\/\/pignolsarts.org\/index.php\/infos-pratiques\/restauration\/#primaryimage"},"image":{"@id":"https:\/\/pignolsarts.org\/index.php\/infos-pratiques\/restauration\/#primaryimage"},"thumbnailUrl":"https:\/\/pignolsarts.org\/wp-content\/uploads\/2024\/09\/foodtrucks_2024.jpg","datePublished":"2017-08-14T21:41:40+00:00","dateModified":"2024-09-18T12:45:27+00:00","breadcrumb":{"@id":"https:\/\/pignolsarts.org\/index.php\/infos-pratiques\/restauration\/#breadcrumb"},"inLanguage":"fr-FR","potentialAction":[{"@type":"ReadAction","target":["https:\/\/pignolsarts.org\/index.php\/infos-pratiques\/restauration\/"]}]},{"@type":"ImageObject","inLanguage":"fr-FR","@id":"https:\/\/pignolsarts.org\/index.php\/infos-pratiques\/restauration\/#primaryimage","url":"https:\/\/pignolsarts.org\/wp-content\/uploads\/2024\/09\/foodtrucks_2024.jpg","contentUrl":"https:\/\/pignolsarts.org\/wp-content\/uploads\/2024\/09\/foodtrucks_2024.jpg","width":526,"height":526},{"@type":"BreadcrumbList","@id":"https:\/\/pignolsarts.org\/index.php\/infos-pratiques\/restauration\/#breadcrumb","itemListElement":[{"@type":"ListItem","position":1,"name":"Accueil","item":"https:\/\/pignolsarts.org\/"},{"@type":"ListItem","position":2,"name":"Infos pratiques","item":"https:\/\/pignolsarts.org\/index.php\/infos-pratiques\/"},{"@type":"ListItem","position":3,"name":"Restauration"}]},{"@type":"WebSite","@id":"https:\/\/pignolsarts.org\/#website","url":"https:\/\/pignolsarts.org\/","name":"Pignols'Arts","description":"Balade artistique","potentialAction":[{"@type":"SearchAction","target":{"@type":"EntryPoint","urlTemplate":"https:\/\/pignolsarts.org\/?s={search_term_string}"},"query-input":{"@type":"PropertyValueSpecification","valueRequired":true,"valueName":"search_term_string"}}],"inLanguage":"fr-FR"}]}},"_links":{"self":[{"href":"https:\/\/pignolsarts.org\/index.php\/wp-json\/wp\/v2\/pages\/231","targetHints":{"allow":["GET"]}}],"collection":[{"href":"https:\/\/pignolsarts.org\/index.php\/wp-json\/wp\/v2\/pages"}],"about":[{"href":"https:\/\/pignolsarts.org\/index.php\/wp-json\/wp\/v2\/types\/page"}],"author":[{"embeddable":true,"href":"https:\/\/pignolsarts.org\/index.php\/wp-json\/wp\/v2\/users\/1"}],"replies":[{"embeddable":true,"href":"https:\/\/pignolsarts.org\/index.php\/wp-json\/wp\/v2\/comments?post=231"}],"version-history":[{"count":0,"href":"https:\/\/pignolsarts.org\/index.php\/wp-json\/wp\/v2\/pages\/231\/revisions"}],"up":[{"embeddable":true,"href":"https:\/\/pignolsarts.org\/index.php\/wp-json\/wp\/v2\/pages\/99"}],"wp:attachment":[{"href":"https:\/\/pignolsarts.org\/index.php\/wp-json\/wp\/v2\/media?parent=231"}],"curies":[{"name":"wp","href":"https:\/\/api.w.org\/{rel}","templated":true}]}}