{"id":155,"date":"2017-07-08T15:54:42","date_gmt":"2017-07-08T14:54:42","guid":{"rendered":"https:\/\/pignolsarts.wordpress.com\/?page_id=155"},"modified":"2017-07-08T15:54:42","modified_gmt":"2017-07-08T14:54:42","slug":"les-concerts","status":"publish","type":"page","link":"https:\/\/pignolsarts.org\/index.php\/programmation-2017\/les-concerts\/","title":{"rendered":"Les Concerts"},"content":{"rendered":"<h1>LES CONCERTS PIGNOLS&rsquo;ARTS<\/h1>\n<p>La programmation musicale des Pignols&rsquo;Arts 2017 est pr\u00eate ! Nous allons vous faire swinguer !<\/p>\n<hr \/>\n<p>&nbsp;<\/p>\n<h2>TELEGRAPH<\/h2>\n<p><em>Genre : Duo RoCk\/ElecTRo\/Psych\u00e9\/BlueSy<\/em><\/p>\n<p style=\"text-align:justify;\">Berc\u00e9 par l\u2019univers de la culture musicale anglo &#8211; Am\u00e9ricaine 50\u2019s \u00e0 70\u2019s, fortement influenc\u00e9 par les po\u00e8tes et artistes engag\u00e9s tel que Patti Smith de la Beat Generation, Telegraph a fait le pari de se d\u00e9tourner des codes de formation classique.<br \/>\nPort\u00e9 par la voix \u00e9corch\u00e9e et puissante d\u2019Am\u00e9lie, la cr\u00e9ativit\u00e9 instrumentale de Ben, c\u2019est aux couleurs RockElectro que le duo partage ses messages sociaux et humains.<\/p>\n<p><em>Page Facebook<\/em> : <a href=\"http:\/\/www.facebook.com\/pages\/Telegraph\/355387741317775\">Telegraph<\/a><\/p>\n<p><img fetchpriority=\"high\" decoding=\"async\" class=\"alignnone size-full wp-image-476\" src=\"https:\/\/pignolsarts.files.wordpress.com\/2017\/07\/tc3a9lc3a9graph.jpg\" alt=\"T\u00e9l\u00e9graph\" width=\"526\" height=\"394\" \/><\/p>\n<hr \/>\n<h2>NURU KANE<\/h2>\n<p><em>Genre : Formation afro funk gnawaTs<\/em><\/p>\n<p>Myspace : <a href=\"http:\/\/www.myspace.com\/nurukane\" target=\"_blank\" rel=\"noopener\">myspace.com\/nurukane<\/a><\/p>\n<p><img decoding=\"async\" class=\"alignnone size-full wp-image-477\" src=\"https:\/\/pignolsarts.files.wordpress.com\/2017\/07\/nuru-kane.png\" alt=\"NURU KANE\" width=\"364\" height=\"602\" \/><\/p>\n<hr \/>\n<h2>DJZUCRI<\/h2>\n<p style=\"text-align:justify;\"><em>Genre : Mix<\/em><br \/>\nBerc\u00e9 sans aucun doute trop pr\u00e8s du mur \u00e0 \u00e9couter du Garage band des teenagers, djZUcri est un passeur de vinyles, pr\u00eacheur de microsillons. La vibration des premi\u00e8res distorsions sur les basses peut nous conduire directement sur les routes du voyage. Quant au tempo endiabl\u00e9, il nous rappelle que <em>\u00able Rock and Roll est la derni\u00e8re invention<\/em><br \/>\n<em> du monde civilis\u00e9\u00bb.<\/em><\/p>\n<p>Soundcloud : <a href=\"https:\/\/soundcloud.com\/search?q=djzucri\" target=\"_blank\" rel=\"noopener\">djzucri\u00a0<\/a><\/p>\n<p><img decoding=\"async\" class=\"alignnone size-full wp-image-478\" src=\"https:\/\/pignolsarts.files.wordpress.com\/2017\/07\/djzucri.png\" alt=\"DJZUCRI\" width=\"438\" height=\"438\" \/><\/p>\n<hr \/>\n<h2>APODEMA<\/h2>\n<p><em>Genre : Duo RoCk\/ElecTRo\/Psych\u00e9\/BlueSy<\/em><\/p>\n<p style=\"text-align:justify;\">L\u2019association A Pieds d\u2019Oeuvres Pour Deux Mains (APODEMA) oeuvre afin de faire partager au plus grand nombre la musique et la danse d\u2019Afrique centrale en dispensant des cours sur la r\u00e9gion clermontoise. Le partage, l\u2019\u00e9change, l\u2019ouverture d\u2019esprit et la joie de vivre sont l\u00e0 nos ma\u00eetres mots, &#8230;et nos ma\u00eetres \u00e0 penser !<\/p>\n<p>Page Facebook :\u00a0<a href=\"https:\/\/www.facebook.com\/apodema63\/\" target=\"_blank\" rel=\"noopener\">Apodema63<\/a><\/p>\n<p><img loading=\"lazy\" decoding=\"async\" class=\"alignnone size-full wp-image-479\" src=\"https:\/\/pignolsarts.files.wordpress.com\/2017\/07\/apodema.png\" alt=\"APODEMA\" width=\"567\" height=\"374\" \/><\/p>\n<hr \/>\n<p>&nbsp;<\/p>\n<h2>GENERALE HYDROPHONICK<\/h2>\n<p><em>Genre : Duo RoCk\/ElecTRo\/Psych\u00e9\/BlueSy<\/em><\/p>\n<p style=\"text-align:justify;\">Un style difficilement classable, mais r\u00e9solument Bass music, Drum\u2019n\u2019bass, Dubstep, Tropicalbass, Electro rock\u2026 Avec cette p\u00e9pite \u00e0 enflammer les dancefloors, GHKGenerale Hydrophonick prouve que l\u2019on peut aussi faire de la bass music avec \u00e9l\u00e9gance.<\/p>\n<p><em>Page Facebook<\/em> : <a href=\"http:\/\/www.facebook.com\/pg\/Generale-Hydrophonick\" target=\"_blank\" rel=\"noopener\">Generale-Hydrophonick<\/a><\/p>\n<p><img loading=\"lazy\" decoding=\"async\" class=\"alignnone size-full wp-image-481\" src=\"https:\/\/pignolsarts.files.wordpress.com\/2017\/07\/generale-hydrophonick.png\" alt=\"GENERALE HYDROPHONICK\" width=\"567\" height=\"377\" \/><\/p>\n","protected":false},"excerpt":{"rendered":"<p>Les musiciens vont faire vibrer les quelques pav\u00e9s de la Comt\u00e9 !<\/p>\n","protected":false},"author":1,"featured_media":0,"parent":7,"menu_order":0,"comment_status":"closed","ping_status":"closed","template":"","meta":{"ocean_post_layout":"","ocean_both_sidebars_style":"","ocean_both_sidebars_content_width":0,"ocean_both_sidebars_sidebars_width":0,"ocean_sidebar":"","ocean_second_sidebar":"","ocean_disable_margins":"enable","ocean_add_body_class":"","ocean_shortcode_before_top_bar":"","ocean_shortcode_after_top_bar":"","ocean_shortcode_before_header":"","ocean_shortcode_after_header":"","ocean_has_shortcode":"","ocean_shortcode_after_title":"","ocean_shortcode_before_footer_widgets":"","ocean_shortcode_after_footer_widgets":"","ocean_shortcode_before_footer_bottom":"","ocean_shortcode_after_footer_bottom":"","ocean_display_top_bar":"default","ocean_display_header":"default","ocean_header_style":"","ocean_center_header_left_menu":"","ocean_custom_header_template":"","ocean_custom_logo":0,"ocean_custom_retina_logo":0,"ocean_custom_logo_max_width":0,"ocean_custom_logo_tablet_max_width":0,"ocean_custom_logo_mobile_max_width":0,"ocean_custom_logo_max_height":0,"ocean_custom_logo_tablet_max_height":0,"ocean_custom_logo_mobile_max_height":0,"ocean_header_custom_menu":"","ocean_menu_typo_font_family":"","ocean_menu_typo_font_subset":"","ocean_menu_typo_font_size":0,"ocean_menu_typo_font_size_tablet":0,"ocean_menu_typo_font_size_mobile":0,"ocean_menu_typo_font_size_unit":"px","ocean_menu_typo_font_weight":"","ocean_menu_typo_font_weight_tablet":"","ocean_menu_typo_font_weight_mobile":"","ocean_menu_typo_transform":"","ocean_menu_typo_transform_tablet":"","ocean_menu_typo_transform_mobile":"","ocean_menu_typo_line_height":0,"ocean_menu_typo_line_height_tablet":0,"ocean_menu_typo_line_height_mobile":0,"ocean_menu_typo_line_height_unit":"","ocean_menu_typo_spacing":0,"ocean_menu_typo_spacing_tablet":0,"ocean_menu_typo_spacing_mobile":0,"ocean_menu_typo_spacing_unit":"","ocean_menu_link_color":"","ocean_menu_link_color_hover":"","ocean_menu_link_color_active":"","ocean_menu_link_background":"","ocean_menu_link_hover_background":"","ocean_menu_link_active_background":"","ocean_menu_social_links_bg":"","ocean_menu_social_hover_links_bg":"","ocean_menu_social_links_color":"","ocean_menu_social_hover_links_color":"","ocean_disable_title":"default","ocean_disable_heading":"default","ocean_post_title":"","ocean_post_subheading":"","ocean_post_title_style":"","ocean_post_title_background_color":"","ocean_post_title_background":0,"ocean_post_title_bg_image_position":"","ocean_post_title_bg_image_attachment":"","ocean_post_title_bg_image_repeat":"","ocean_post_title_bg_image_size":"","ocean_post_title_height":0,"ocean_post_title_bg_overlay":0.5,"ocean_post_title_bg_overlay_color":"","ocean_disable_breadcrumbs":"default","ocean_breadcrumbs_color":"","ocean_breadcrumbs_separator_color":"","ocean_breadcrumbs_links_color":"","ocean_breadcrumbs_links_hover_color":"","ocean_display_footer_widgets":"default","ocean_display_footer_bottom":"default","ocean_custom_footer_template":"","footnotes":""},"class_list":["post-155","page","type-page","status-publish","hentry","entry"],"yoast_head":"<!-- This site is optimized with the Yoast SEO plugin v27.1.1 - https:\/\/yoast.com\/product\/yoast-seo-wordpress\/ -->\n<title>Les Concerts - Pignols&#039;Arts<\/title>\n<meta name=\"robots\" content=\"index, follow, max-snippet:-1, max-image-preview:large, max-video-preview:-1\" \/>\n<link rel=\"canonical\" href=\"https:\/\/pignolsarts.org\/index.php\/programmation-2017\/les-concerts\/\" \/>\n<meta property=\"og:locale\" content=\"fr_FR\" \/>\n<meta property=\"og:type\" content=\"article\" \/>\n<meta property=\"og:title\" content=\"Les Concerts - Pignols&#039;Arts\" \/>\n<meta property=\"og:description\" content=\"Les musiciens vont faire vibrer les quelques pav\u00e9s de la Comt\u00e9 !\" \/>\n<meta property=\"og:url\" content=\"https:\/\/pignolsarts.org\/index.php\/programmation-2017\/les-concerts\/\" \/>\n<meta property=\"og:site_name\" content=\"Pignols&#039;Arts\" \/>\n<meta property=\"article:publisher\" content=\"https:\/\/www.facebook.com\/profile.php?id=100057566585222\" \/>\n<meta property=\"og:image\" content=\"https:\/\/pignolsarts.org\/wp-content\/uploads\/2017\/07\/p1130116-scaled.jpg\" \/>\n\t<meta property=\"og:image:width\" content=\"2560\" \/>\n\t<meta property=\"og:image:height\" content=\"1920\" \/>\n\t<meta property=\"og:image:type\" content=\"image\/jpeg\" \/>\n<meta name=\"twitter:card\" content=\"summary_large_image\" \/>\n<meta name=\"twitter:label1\" content=\"Dur\u00e9e de lecture estim\u00e9e\" \/>\n\t<meta name=\"twitter:data1\" content=\"2 minutes\" \/>\n<script type=\"application\/ld+json\" class=\"yoast-schema-graph\">{\"@context\":\"https:\/\/schema.org\",\"@graph\":[{\"@type\":\"WebPage\",\"@id\":\"https:\/\/pignolsarts.org\/index.php\/programmation-2017\/les-concerts\/\",\"url\":\"https:\/\/pignolsarts.org\/index.php\/programmation-2017\/les-concerts\/\",\"name\":\"Les Concerts - Pignols&#039;Arts\",\"isPartOf\":{\"@id\":\"https:\/\/pignolsarts.org\/#website\"},\"primaryImageOfPage\":{\"@id\":\"https:\/\/pignolsarts.org\/index.php\/programmation-2017\/les-concerts\/#primaryimage\"},\"image\":{\"@id\":\"https:\/\/pignolsarts.org\/index.php\/programmation-2017\/les-concerts\/#primaryimage\"},\"thumbnailUrl\":\"https:\/\/pignolsarts.files.wordpress.com\/2017\/07\/tc3a9lc3a9graph.jpg\",\"datePublished\":\"2017-07-08T14:54:42+00:00\",\"breadcrumb\":{\"@id\":\"https:\/\/pignolsarts.org\/index.php\/programmation-2017\/les-concerts\/#breadcrumb\"},\"inLanguage\":\"fr-FR\",\"potentialAction\":[{\"@type\":\"ReadAction\",\"target\":[\"https:\/\/pignolsarts.org\/index.php\/programmation-2017\/les-concerts\/\"]}]},{\"@type\":\"ImageObject\",\"inLanguage\":\"fr-FR\",\"@id\":\"https:\/\/pignolsarts.org\/index.php\/programmation-2017\/les-concerts\/#primaryimage\",\"url\":\"https:\/\/pignolsarts.files.wordpress.com\/2017\/07\/tc3a9lc3a9graph.jpg\",\"contentUrl\":\"https:\/\/pignolsarts.files.wordpress.com\/2017\/07\/tc3a9lc3a9graph.jpg\"},{\"@type\":\"BreadcrumbList\",\"@id\":\"https:\/\/pignolsarts.org\/index.php\/programmation-2017\/les-concerts\/#breadcrumb\",\"itemListElement\":[{\"@type\":\"ListItem\",\"position\":1,\"name\":\"Accueil\",\"item\":\"https:\/\/pignolsarts.org\/\"},{\"@type\":\"ListItem\",\"position\":2,\"name\":\"Programmation 2017\",\"item\":\"https:\/\/pignolsarts.org\/index.php\/programmation-2017\/\"},{\"@type\":\"ListItem\",\"position\":3,\"name\":\"Les Concerts\"}]},{\"@type\":\"WebSite\",\"@id\":\"https:\/\/pignolsarts.org\/#website\",\"url\":\"https:\/\/pignolsarts.org\/\",\"name\":\"Pignols'Arts\",\"description\":\"Balade artistique\",\"potentialAction\":[{\"@type\":\"SearchAction\",\"target\":{\"@type\":\"EntryPoint\",\"urlTemplate\":\"https:\/\/pignolsarts.org\/?s={search_term_string}\"},\"query-input\":{\"@type\":\"PropertyValueSpecification\",\"valueRequired\":true,\"valueName\":\"search_term_string\"}}],\"inLanguage\":\"fr-FR\"}]}<\/script>\n<!-- \/ Yoast SEO plugin. -->","yoast_head_json":{"title":"Les Concerts - Pignols&#039;Arts","robots":{"index":"index","follow":"follow","max-snippet":"max-snippet:-1","max-image-preview":"max-image-preview:large","max-video-preview":"max-video-preview:-1"},"canonical":"https:\/\/pignolsarts.org\/index.php\/programmation-2017\/les-concerts\/","og_locale":"fr_FR","og_type":"article","og_title":"Les Concerts - Pignols&#039;Arts","og_description":"Les musiciens vont faire vibrer les quelques pav\u00e9s de la Comt\u00e9 !","og_url":"https:\/\/pignolsarts.org\/index.php\/programmation-2017\/les-concerts\/","og_site_name":"Pignols&#039;Arts","article_publisher":"https:\/\/www.facebook.com\/profile.php?id=100057566585222","og_image":[{"width":2560,"height":1920,"url":"https:\/\/pignolsarts.org\/wp-content\/uploads\/2017\/07\/p1130116-scaled.jpg","type":"image\/jpeg"}],"twitter_card":"summary_large_image","twitter_misc":{"Dur\u00e9e de lecture estim\u00e9e":"2 minutes"},"schema":{"@context":"https:\/\/schema.org","@graph":[{"@type":"WebPage","@id":"https:\/\/pignolsarts.org\/index.php\/programmation-2017\/les-concerts\/","url":"https:\/\/pignolsarts.org\/index.php\/programmation-2017\/les-concerts\/","name":"Les Concerts - Pignols&#039;Arts","isPartOf":{"@id":"https:\/\/pignolsarts.org\/#website"},"primaryImageOfPage":{"@id":"https:\/\/pignolsarts.org\/index.php\/programmation-2017\/les-concerts\/#primaryimage"},"image":{"@id":"https:\/\/pignolsarts.org\/index.php\/programmation-2017\/les-concerts\/#primaryimage"},"thumbnailUrl":"https:\/\/pignolsarts.files.wordpress.com\/2017\/07\/tc3a9lc3a9graph.jpg","datePublished":"2017-07-08T14:54:42+00:00","breadcrumb":{"@id":"https:\/\/pignolsarts.org\/index.php\/programmation-2017\/les-concerts\/#breadcrumb"},"inLanguage":"fr-FR","potentialAction":[{"@type":"ReadAction","target":["https:\/\/pignolsarts.org\/index.php\/programmation-2017\/les-concerts\/"]}]},{"@type":"ImageObject","inLanguage":"fr-FR","@id":"https:\/\/pignolsarts.org\/index.php\/programmation-2017\/les-concerts\/#primaryimage","url":"https:\/\/pignolsarts.files.wordpress.com\/2017\/07\/tc3a9lc3a9graph.jpg","contentUrl":"https:\/\/pignolsarts.files.wordpress.com\/2017\/07\/tc3a9lc3a9graph.jpg"},{"@type":"BreadcrumbList","@id":"https:\/\/pignolsarts.org\/index.php\/programmation-2017\/les-concerts\/#breadcrumb","itemListElement":[{"@type":"ListItem","position":1,"name":"Accueil","item":"https:\/\/pignolsarts.org\/"},{"@type":"ListItem","position":2,"name":"Programmation 2017","item":"https:\/\/pignolsarts.org\/index.php\/programmation-2017\/"},{"@type":"ListItem","position":3,"name":"Les Concerts"}]},{"@type":"WebSite","@id":"https:\/\/pignolsarts.org\/#website","url":"https:\/\/pignolsarts.org\/","name":"Pignols'Arts","description":"Balade artistique","potentialAction":[{"@type":"SearchAction","target":{"@type":"EntryPoint","urlTemplate":"https:\/\/pignolsarts.org\/?s={search_term_string}"},"query-input":{"@type":"PropertyValueSpecification","valueRequired":true,"valueName":"search_term_string"}}],"inLanguage":"fr-FR"}]}},"_links":{"self":[{"href":"https:\/\/pignolsarts.org\/index.php\/wp-json\/wp\/v2\/pages\/155","targetHints":{"allow":["GET"]}}],"collection":[{"href":"https:\/\/pignolsarts.org\/index.php\/wp-json\/wp\/v2\/pages"}],"about":[{"href":"https:\/\/pignolsarts.org\/index.php\/wp-json\/wp\/v2\/types\/page"}],"author":[{"embeddable":true,"href":"https:\/\/pignolsarts.org\/index.php\/wp-json\/wp\/v2\/users\/1"}],"replies":[{"embeddable":true,"href":"https:\/\/pignolsarts.org\/index.php\/wp-json\/wp\/v2\/comments?post=155"}],"version-history":[{"count":0,"href":"https:\/\/pignolsarts.org\/index.php\/wp-json\/wp\/v2\/pages\/155\/revisions"}],"up":[{"embeddable":true,"href":"https:\/\/pignolsarts.org\/index.php\/wp-json\/wp\/v2\/pages\/7"}],"wp:attachment":[{"href":"https:\/\/pignolsarts.org\/index.php\/wp-json\/wp\/v2\/media?parent=155"}],"curies":[{"name":"wp","href":"https:\/\/api.w.org\/{rel}","templated":true}]}}