{"id":1046,"date":"2018-09-03T15:14:58","date_gmt":"2018-09-03T14:14:58","guid":{"rendered":"http:\/\/pignols-arts.org\/?page_id=1046"},"modified":"2023-11-24T23:14:25","modified_gmt":"2023-11-24T22:14:25","slug":"les-spectacles6","status":"publish","type":"page","link":"https:\/\/pignolsarts.org\/index.php\/programmation-2019\/les-spectacles6\/","title":{"rendered":"Les Spectacles#6"},"content":{"rendered":"<p style=\"text-align: center;\">Des artistes nombreux vous proposeront des moments in\u00e9dits au cours de cette 6\u00e8me \u00e9dition des Pignols&rsquo;Arts \u00e0 Pardines&#8230; Voici donc un aper\u00e7u\u00a0 !<\/p>\n<h2 style=\"text-align: center;\"><span style=\"color: #ffcc00;\">LES PERFORMANCES<\/span><\/h2>\n<hr \/>\n<h2><img fetchpriority=\"high\" decoding=\"async\" class=\"size-full wp-image-1365 aligncenter\" src=\"https:\/\/pignolsarts.files.wordpress.com\/2019\/08\/fiche-cerise.jpg\" alt=\"fiche cerise\" width=\"1820\" height=\"2573\" \/><\/h2>\n<p><img decoding=\"async\" class=\"alignnone wp-image-1366 size-large\" src=\"https:\/\/pignolsarts.files.wordpress.com\/2019\/08\/fiche-extratrien.jpg?w=700\" alt=\"\" width=\"700\" height=\"990\" \/><\/p>\n<hr \/>\n<h2 style=\"text-align: center;\"><span style=\"color: #ffcc00;\">LES ARTS du CIRQUE<\/span><\/h2>\n<p><img decoding=\"async\" class=\"alignnone size-full wp-image-1371\" src=\"https:\/\/pignolsarts.files.wordpress.com\/2019\/08\/fiche-la-fauvette.jpg\" alt=\"fiche la fauvette\" width=\"1034\" height=\"1462\" \/><img loading=\"lazy\" decoding=\"async\" class=\"alignnone size-full wp-image-1372\" src=\"https:\/\/pignolsarts.files.wordpress.com\/2019\/08\/fiche-la-grange-aux-ailes_page_1.jpg\" alt=\"fiche la grange aux ailes_Page_1\" width=\"1820\" height=\"2573\" \/><\/p>\n<h2 style=\"text-align: center;\"><span style=\"color: #ffcc00;\">LES ARTS de RUE<\/span><\/h2>\n<p><img loading=\"lazy\" decoding=\"async\" class=\"alignnone wp-image-1381 size-large\" src=\"https:\/\/pignolsarts.files.wordpress.com\/2019\/08\/fiche-les-marchepieds-e1566399771307.jpg?w=700\" alt=\"\" width=\"700\" height=\"925\" \/><\/p>\n","protected":false},"excerpt":{"rendered":"<p>Spectacles gratuits ! A votre bon c\u0153ur Messieurs Dames !<\/p>\n","protected":false},"author":1,"featured_media":1303,"parent":999,"menu_order":0,"comment_status":"closed","ping_status":"closed","template":"","meta":{"ocean_post_layout":"","ocean_both_sidebars_style":"","ocean_both_sidebars_content_width":0,"ocean_both_sidebars_sidebars_width":0,"ocean_sidebar":"0","ocean_second_sidebar":"0","ocean_disable_margins":"enable","ocean_add_body_class":"","ocean_shortcode_before_top_bar":"","ocean_shortcode_after_top_bar":"","ocean_shortcode_before_header":"","ocean_shortcode_after_header":"","ocean_has_shortcode":"","ocean_shortcode_after_title":"","ocean_shortcode_before_footer_widgets":"","ocean_shortcode_after_footer_widgets":"","ocean_shortcode_before_footer_bottom":"","ocean_shortcode_after_footer_bottom":"","ocean_display_top_bar":"default","ocean_display_header":"default","ocean_header_style":"","ocean_center_header_left_menu":"0","ocean_custom_header_template":"0","ocean_custom_logo":0,"ocean_custom_retina_logo":0,"ocean_custom_logo_max_width":0,"ocean_custom_logo_tablet_max_width":0,"ocean_custom_logo_mobile_max_width":0,"ocean_custom_logo_max_height":0,"ocean_custom_logo_tablet_max_height":0,"ocean_custom_logo_mobile_max_height":0,"ocean_header_custom_menu":"0","ocean_menu_typo_font_family":"0","ocean_menu_typo_font_subset":"","ocean_menu_typo_font_size":0,"ocean_menu_typo_font_size_tablet":0,"ocean_menu_typo_font_size_mobile":0,"ocean_menu_typo_font_size_unit":"px","ocean_menu_typo_font_weight":"","ocean_menu_typo_font_weight_tablet":"","ocean_menu_typo_font_weight_mobile":"","ocean_menu_typo_transform":"","ocean_menu_typo_transform_tablet":"","ocean_menu_typo_transform_mobile":"","ocean_menu_typo_line_height":0,"ocean_menu_typo_line_height_tablet":0,"ocean_menu_typo_line_height_mobile":0,"ocean_menu_typo_line_height_unit":"","ocean_menu_typo_spacing":0,"ocean_menu_typo_spacing_tablet":0,"ocean_menu_typo_spacing_mobile":0,"ocean_menu_typo_spacing_unit":"","ocean_menu_link_color":"","ocean_menu_link_color_hover":"","ocean_menu_link_color_active":"","ocean_menu_link_background":"","ocean_menu_link_hover_background":"","ocean_menu_link_active_background":"","ocean_menu_social_links_bg":"","ocean_menu_social_hover_links_bg":"","ocean_menu_social_links_color":"","ocean_menu_social_hover_links_color":"","ocean_disable_title":"default","ocean_disable_heading":"default","ocean_post_title":"","ocean_post_subheading":"","ocean_post_title_style":"","ocean_post_title_background_color":"","ocean_post_title_background":0,"ocean_post_title_bg_image_position":"","ocean_post_title_bg_image_attachment":"","ocean_post_title_bg_image_repeat":"","ocean_post_title_bg_image_size":"","ocean_post_title_height":0,"ocean_post_title_bg_overlay":0.5,"ocean_post_title_bg_overlay_color":"","ocean_disable_breadcrumbs":"default","ocean_breadcrumbs_color":"","ocean_breadcrumbs_separator_color":"","ocean_breadcrumbs_links_color":"","ocean_breadcrumbs_links_hover_color":"","ocean_display_footer_widgets":"default","ocean_display_footer_bottom":"default","ocean_custom_footer_template":"0","footnotes":""},"class_list":["post-1046","page","type-page","status-publish","has-post-thumbnail","hentry","entry","has-media"],"yoast_head":"<!-- This site is optimized with the Yoast SEO plugin v27.1.1 - https:\/\/yoast.com\/product\/yoast-seo-wordpress\/ -->\n<title>Les Spectacles#6 - Pignols&#039;Arts<\/title>\n<meta name=\"robots\" content=\"index, follow, max-snippet:-1, max-image-preview:large, max-video-preview:-1\" \/>\n<link rel=\"canonical\" href=\"https:\/\/pignolsarts.org\/index.php\/programmation-2019\/les-spectacles6\/\" \/>\n<meta property=\"og:locale\" content=\"fr_FR\" \/>\n<meta property=\"og:type\" content=\"article\" \/>\n<meta property=\"og:title\" content=\"Les Spectacles#6 - Pignols&#039;Arts\" \/>\n<meta property=\"og:description\" content=\"Spectacles gratuits ! A votre bon c\u0153ur Messieurs Dames !\" \/>\n<meta property=\"og:url\" content=\"https:\/\/pignolsarts.org\/index.php\/programmation-2019\/les-spectacles6\/\" \/>\n<meta property=\"og:site_name\" content=\"Pignols&#039;Arts\" \/>\n<meta property=\"article:publisher\" content=\"https:\/\/www.facebook.com\/profile.php?id=100057566585222\" \/>\n<meta property=\"article:modified_time\" content=\"2023-11-24T22:14:25+00:00\" \/>\n<meta name=\"twitter:card\" content=\"summary_large_image\" \/>\n<script type=\"application\/ld+json\" class=\"yoast-schema-graph\">{\"@context\":\"https:\/\/schema.org\",\"@graph\":[{\"@type\":\"WebPage\",\"@id\":\"https:\/\/pignolsarts.org\/index.php\/programmation-2019\/les-spectacles6\/\",\"url\":\"https:\/\/pignolsarts.org\/index.php\/programmation-2019\/les-spectacles6\/\",\"name\":\"Les Spectacles#6 - Pignols&#039;Arts\",\"isPartOf\":{\"@id\":\"https:\/\/pignolsarts.org\/#website\"},\"primaryImageOfPage\":{\"@id\":\"https:\/\/pignolsarts.org\/index.php\/programmation-2019\/les-spectacles6\/#primaryimage\"},\"image\":{\"@id\":\"https:\/\/pignolsarts.org\/index.php\/programmation-2019\/les-spectacles6\/#primaryimage\"},\"thumbnailUrl\":\"\",\"datePublished\":\"2018-09-03T14:14:58+00:00\",\"dateModified\":\"2023-11-24T22:14:25+00:00\",\"breadcrumb\":{\"@id\":\"https:\/\/pignolsarts.org\/index.php\/programmation-2019\/les-spectacles6\/#breadcrumb\"},\"inLanguage\":\"fr-FR\",\"potentialAction\":[{\"@type\":\"ReadAction\",\"target\":[\"https:\/\/pignolsarts.org\/index.php\/programmation-2019\/les-spectacles6\/\"]}]},{\"@type\":\"ImageObject\",\"inLanguage\":\"fr-FR\",\"@id\":\"https:\/\/pignolsarts.org\/index.php\/programmation-2019\/les-spectacles6\/#primaryimage\",\"url\":\"\",\"contentUrl\":\"\"},{\"@type\":\"BreadcrumbList\",\"@id\":\"https:\/\/pignolsarts.org\/index.php\/programmation-2019\/les-spectacles6\/#breadcrumb\",\"itemListElement\":[{\"@type\":\"ListItem\",\"position\":1,\"name\":\"Accueil\",\"item\":\"https:\/\/pignolsarts.org\/\"},{\"@type\":\"ListItem\",\"position\":2,\"name\":\"Programmation #6\",\"item\":\"https:\/\/pignolsarts.org\/index.php\/programmation-2019\/\"},{\"@type\":\"ListItem\",\"position\":3,\"name\":\"Les Spectacles#6\"}]},{\"@type\":\"WebSite\",\"@id\":\"https:\/\/pignolsarts.org\/#website\",\"url\":\"https:\/\/pignolsarts.org\/\",\"name\":\"Pignols'Arts\",\"description\":\"Balade artistique\",\"potentialAction\":[{\"@type\":\"SearchAction\",\"target\":{\"@type\":\"EntryPoint\",\"urlTemplate\":\"https:\/\/pignolsarts.org\/?s={search_term_string}\"},\"query-input\":{\"@type\":\"PropertyValueSpecification\",\"valueRequired\":true,\"valueName\":\"search_term_string\"}}],\"inLanguage\":\"fr-FR\"}]}<\/script>\n<!-- \/ Yoast SEO plugin. -->","yoast_head_json":{"title":"Les Spectacles#6 - Pignols&#039;Arts","robots":{"index":"index","follow":"follow","max-snippet":"max-snippet:-1","max-image-preview":"max-image-preview:large","max-video-preview":"max-video-preview:-1"},"canonical":"https:\/\/pignolsarts.org\/index.php\/programmation-2019\/les-spectacles6\/","og_locale":"fr_FR","og_type":"article","og_title":"Les Spectacles#6 - Pignols&#039;Arts","og_description":"Spectacles gratuits ! A votre bon c\u0153ur Messieurs Dames !","og_url":"https:\/\/pignolsarts.org\/index.php\/programmation-2019\/les-spectacles6\/","og_site_name":"Pignols&#039;Arts","article_publisher":"https:\/\/www.facebook.com\/profile.php?id=100057566585222","article_modified_time":"2023-11-24T22:14:25+00:00","twitter_card":"summary_large_image","schema":{"@context":"https:\/\/schema.org","@graph":[{"@type":"WebPage","@id":"https:\/\/pignolsarts.org\/index.php\/programmation-2019\/les-spectacles6\/","url":"https:\/\/pignolsarts.org\/index.php\/programmation-2019\/les-spectacles6\/","name":"Les Spectacles#6 - Pignols&#039;Arts","isPartOf":{"@id":"https:\/\/pignolsarts.org\/#website"},"primaryImageOfPage":{"@id":"https:\/\/pignolsarts.org\/index.php\/programmation-2019\/les-spectacles6\/#primaryimage"},"image":{"@id":"https:\/\/pignolsarts.org\/index.php\/programmation-2019\/les-spectacles6\/#primaryimage"},"thumbnailUrl":"","datePublished":"2018-09-03T14:14:58+00:00","dateModified":"2023-11-24T22:14:25+00:00","breadcrumb":{"@id":"https:\/\/pignolsarts.org\/index.php\/programmation-2019\/les-spectacles6\/#breadcrumb"},"inLanguage":"fr-FR","potentialAction":[{"@type":"ReadAction","target":["https:\/\/pignolsarts.org\/index.php\/programmation-2019\/les-spectacles6\/"]}]},{"@type":"ImageObject","inLanguage":"fr-FR","@id":"https:\/\/pignolsarts.org\/index.php\/programmation-2019\/les-spectacles6\/#primaryimage","url":"","contentUrl":""},{"@type":"BreadcrumbList","@id":"https:\/\/pignolsarts.org\/index.php\/programmation-2019\/les-spectacles6\/#breadcrumb","itemListElement":[{"@type":"ListItem","position":1,"name":"Accueil","item":"https:\/\/pignolsarts.org\/"},{"@type":"ListItem","position":2,"name":"Programmation #6","item":"https:\/\/pignolsarts.org\/index.php\/programmation-2019\/"},{"@type":"ListItem","position":3,"name":"Les Spectacles#6"}]},{"@type":"WebSite","@id":"https:\/\/pignolsarts.org\/#website","url":"https:\/\/pignolsarts.org\/","name":"Pignols'Arts","description":"Balade artistique","potentialAction":[{"@type":"SearchAction","target":{"@type":"EntryPoint","urlTemplate":"https:\/\/pignolsarts.org\/?s={search_term_string}"},"query-input":{"@type":"PropertyValueSpecification","valueRequired":true,"valueName":"search_term_string"}}],"inLanguage":"fr-FR"}]}},"_links":{"self":[{"href":"https:\/\/pignolsarts.org\/index.php\/wp-json\/wp\/v2\/pages\/1046","targetHints":{"allow":["GET"]}}],"collection":[{"href":"https:\/\/pignolsarts.org\/index.php\/wp-json\/wp\/v2\/pages"}],"about":[{"href":"https:\/\/pignolsarts.org\/index.php\/wp-json\/wp\/v2\/types\/page"}],"author":[{"embeddable":true,"href":"https:\/\/pignolsarts.org\/index.php\/wp-json\/wp\/v2\/users\/1"}],"replies":[{"embeddable":true,"href":"https:\/\/pignolsarts.org\/index.php\/wp-json\/wp\/v2\/comments?post=1046"}],"version-history":[{"count":0,"href":"https:\/\/pignolsarts.org\/index.php\/wp-json\/wp\/v2\/pages\/1046\/revisions"}],"up":[{"embeddable":true,"href":"https:\/\/pignolsarts.org\/index.php\/wp-json\/wp\/v2\/pages\/999"}],"wp:featuredmedia":[{"embeddable":true,"href":"https:\/\/pignolsarts.org\/index.php\/wp-json\/"}],"wp:attachment":[{"href":"https:\/\/pignolsarts.org\/index.php\/wp-json\/wp\/v2\/media?parent=1046"}],"curies":[{"name":"wp","href":"https:\/\/api.w.org\/{rel}","templated":true}]}}